{"id":292,"date":"2024-01-02T13:00:04","date_gmt":"2024-01-02T13:00:04","guid":{"rendered":"https:\/\/ocean-pure.wh56.host-rack.com\/?page_id=292"},"modified":"2025-01-23T19:39:00","modified_gmt":"2025-01-23T19:39:00","slug":"statuten","status":"publish","type":"page","link":"https:\/\/www.oceanpure-solutions.ch\/en\/statuten\/","title":{"rendered":"Statutes"},"content":{"rendered":"<div class=\"shariff shariff-align-flex-start shariff-widget-align-flex-start\"><ul class=\"shariff-buttons theme-default orientation-horizontal buttonsize-medium\"><li class=\"shariff-button whatsapp shariff-nocustomcolor\" style=\"background-color:#5cbe4a\"><a href=\"https:\/\/api.whatsapp.com\/send?text=https%3A%2F%2Fwww.oceanpure-solutions.ch%2Fen%2Fstatuten%2F%20Statuten\" title=\"Bei Whatsapp teilen\" aria-label=\"Bei Whatsapp teilen\" role=\"button\" rel=\"noopener nofollow\" class=\"shariff-link\" style=\"; background-color:#34af23; color:#fff\" target=\"_blank\"><span class=\"shariff-icon\" style=\"\"><svg width=\"32px\" height=\"20px\" xmlns=\"http:\/\/www.w3.org\/2000\/svg\" viewbox=\"0 0 32 32\"><path fill=\"#34af23\" d=\"M17.6 17.4q0.2 0 1.7 0.8t1.6 0.9q0 0.1 0 0.3 0 0.6-0.3 1.4-0.3 0.7-1.3 1.2t-1.8 0.5q-1 0-3.4-1.1-1.7-0.8-3-2.1t-2.6-3.3q-1.3-1.9-1.3-3.5v-0.1q0.1-1.6 1.3-2.8 0.4-0.4 0.9-0.4 0.1 0 0.3 0t0.3 0q0.3 0 0.5 0.1t0.3 0.5q0.1 0.4 0.6 1.6t0.4 1.3q0 0.4-0.6 1t-0.6 0.8q0 0.1 0.1 0.3 0.6 1.3 1.8 2.4 1 0.9 2.7 1.8 0.2 0.1 0.4 0.1 0.3 0 1-0.9t0.9-0.9zM14 26.9q2.3 0 4.3-0.9t3.6-2.4 2.4-3.6 0.9-4.3-0.9-4.3-2.4-3.6-3.6-2.4-4.3-0.9-4.3 0.9-3.6 2.4-2.4 3.6-0.9 4.3q0 3.6 2.1 6.6l-1.4 4.2 4.3-1.4q2.8 1.9 6.2 1.9zM14 2.2q2.7 0 5.2 1.1t4.3 2.9 2.9 4.3 1.1 5.2-1.1 5.2-2.9 4.3-4.3 2.9-5.2 1.1q-3.5 0-6.5-1.7l-7.4 2.4 2.4-7.2q-1.9-3.2-1.9-6.9 0-2.7 1.1-5.2t2.9-4.3 4.3-2.9 5.2-1.1z\"\/><\/svg><\/span><span class=\"shariff-text\">teilen<\/span>&nbsp;<\/a><\/li><li class=\"shariff-button facebook shariff-nocustomcolor\" style=\"background-color:#4273c8\"><a href=\"https:\/\/www.facebook.com\/sharer\/sharer.php?u=https%3A%2F%2Fwww.oceanpure-solutions.ch%2Fen%2Fstatuten%2F\" title=\"Bei Facebook teilen\" aria-label=\"Bei Facebook teilen\" role=\"button\" rel=\"nofollow\" class=\"shariff-link\" style=\"; background-color:#3b5998; color:#fff\" target=\"_blank\"><span class=\"shariff-icon\" style=\"\"><svg width=\"32px\" height=\"20px\" xmlns=\"http:\/\/www.w3.org\/2000\/svg\" viewbox=\"0 0 18 32\"><path fill=\"#3b5998\" d=\"M17.1 0.2v4.7h-2.8q-1.5 0-2.1 0.6t-0.5 1.9v3.4h5.2l-0.7 5.3h-4.5v13.6h-5.5v-13.6h-4.5v-5.3h4.5v-3.9q0-3.3 1.9-5.2t5-1.8q2.6 0 4.1 0.2z\"\/><\/svg><\/span><span class=\"shariff-text\">teilen<\/span>&nbsp;<\/a><\/li><li class=\"shariff-button linkedin shariff-nocustomcolor\" style=\"background-color:#1488bf\"><a href=\"https:\/\/www.linkedin.com\/sharing\/share-offsite\/?url=https%3A%2F%2Fwww.oceanpure-solutions.ch%2Fen%2Fstatuten%2F\" title=\"Bei LinkedIn teilen\" aria-label=\"Bei LinkedIn teilen\" role=\"button\" rel=\"noopener nofollow\" class=\"shariff-link\" style=\"; background-color:#0077b5; color:#fff\" target=\"_blank\"><span class=\"shariff-icon\" style=\"\"><svg width=\"32px\" height=\"20px\" xmlns=\"http:\/\/www.w3.org\/2000\/svg\" viewbox=\"0 0 27 32\"><path fill=\"#0077b5\" d=\"M6.2 11.2v17.7h-5.9v-17.7h5.9zM6.6 5.7q0 1.3-0.9 2.2t-2.4 0.9h0q-1.5 0-2.4-0.9t-0.9-2.2 0.9-2.2 2.4-0.9 2.4 0.9 0.9 2.2zM27.4 18.7v10.1h-5.9v-9.5q0-1.9-0.7-2.9t-2.3-1.1q-1.1 0-1.9 0.6t-1.2 1.5q-0.2 0.5-0.2 1.4v9.9h-5.9q0-7.1 0-11.6t0-5.3l0-0.9h5.9v2.6h0q0.4-0.6 0.7-1t1-0.9 1.6-0.8 2-0.3q3 0 4.9 2t1.9 6z\"\/><\/svg><\/span><span class=\"shariff-text\">teilen<\/span>&nbsp;<\/a><\/li><li class=\"shariff-button twitter shariff-nocustomcolor\" style=\"background-color:#595959\"><a href=\"https:\/\/twitter.com\/share?url=https%3A%2F%2Fwww.oceanpure-solutions.ch%2Fen%2Fstatuten%2F&text=Statuten\" title=\"Bei X teilen\" aria-label=\"Bei X teilen\" role=\"button\" rel=\"noopener nofollow\" class=\"shariff-link\" style=\"; background-color:#000; color:#fff\" target=\"_blank\"><span class=\"shariff-icon\" style=\"\"><svg width=\"32px\" height=\"20px\" xmlns=\"http:\/\/www.w3.org\/2000\/svg\" viewbox=\"0 0 24 24\"><path fill=\"#000\" d=\"M14.258 10.152L23.176 0h-2.113l-7.747 8.813L7.133 0H0l9.352 13.328L0 23.973h2.113l8.176-9.309 6.531 9.309h7.133zm-2.895 3.293l-.949-1.328L2.875 1.56h3.246l6.086 8.523.945 1.328 7.91 11.078h-3.246zm0 0\"\/><\/svg><\/span><span class=\"shariff-text\">teilen<\/span>&nbsp;<\/a><\/li><\/ul><\/div><section class=\"bde-section-292-100 bde-section\">\n              \n  \n  \n\t    \n      <div class=\"section-background-video\">\n              <video\n          autoplay\n muted\n playsinline\n loop\n>\n        <source src=\"https:\/\/www.oceanpure-solutions.ch\/wp-content\/uploads\/2024\/01\/das-meer-schutzen.mp4\" type=\"video\/mp4\" \/>\n      <\/video>\n      <\/div>\n\n\n\n\n<div class=\"section-container\"><div class=\"bde-div-292-101 bde-div\">\n  \n  \n\t\n\n\n\n\n<\/div><div class=\"bde-div-292-105 bde-div\">\n  \n  \n\t\n\n\n\n<div class=\"bde-rich-text-292-106 bde-rich-text breakdance-rich-text-styles\">\n<svg class=\"waves\" xmlns=\"http:\/\/www.w3.org\/2000\/svg\" xmlns:xlink=\"http:\/\/www.w3.org\/1999\/xlink\"\nviewbox=\"0 24 150 28\" preserveaspectratio=\"none\" shape-rendering=\"auto\">\n<defs>\n<path id=\"gentle-wave\" d=\"M-160 44c30 0 58-18 88-18s 58 18 88 18 58-18 88-18 58 18 88 18 v44h-352z\" \/>\n<\/defs>\n<g class=\"parallax\">\n<use xlink:href=\"#gentle-wave\" x=\"48\" y=\"0\" fill=\"rgba(255,255,255,0.7\" \/>\n<use xlink:href=\"#gentle-wave\" x=\"48\" y=\"3\" fill=\"rgba(255,255,255,0.5)\" \/>\n<use xlink:href=\"#gentle-wave\" x=\"48\" y=\"5\" fill=\"rgba(255,255,255,0.3)\" \/>\n<use xlink:href=\"#gentle-wave\" x=\"48\" y=\"7\" fill=\"#fff\" \/>\n<\/g>\n<\/svg>\n<\/div>\n<\/div><\/div>\n<\/section><section class=\"bde-section-292-107 bde-section\">\n  \n  \n\t\n\n\n\n<div class=\"section-container\"><div class=\"bde-div-292-108 bde-div\">\n  \n  \n\t\n\n\n\n<div class=\"bde-text-292-109 bde-text\">\nOceanPure Solutions\n<\/div><h1 class=\"bde-heading-292-110 bde-heading\">\nVEREIN STATUTEN\n<\/h1><div class=\"bde-div-292-111 bde-div\">\n  \n  \n\t\n\n\n\n<h1 class=\"bde-heading-292-114 bde-heading\">\nI. Name, Sitz, Dauer\n<\/h1><div class=\"bde-rich-text-292-113 bde-rich-text breakdance-rich-text-styles\">\n<p><strong>Art. 1 Name, Sitz, Dauer<\/strong><\/p>\n<ol>\n<li>\n<p>1.Unter dem Namen<\/p>\n<\/li>\n<\/ol>\n<p><strong>Oceanpure Solutions<\/strong><\/p>\n<p>besteht ein Verein im Sinne von Art. 60 ff. ZGB als juristische Person mit Sitz in Rain, Kanton Luzern.<\/p>\n<ol start=\"2\">\n<li>\n<p>2.Die Dauer des Vereins ist unbeschr\u00e4nkt.<\/p>\n<\/li>\n<\/ol>\n<\/div>\n<\/div><div class=\"bde-div-292-118 bde-div\">\n  \n  \n\t\n\n\n\n<h1 class=\"bde-heading-292-119 bde-heading\">\nII.  Zweck des Vereins\n<\/h1><div class=\"bde-rich-text-292-120 bde-rich-text breakdance-rich-text-styles\">\n<p><strong>Art. 2 Zweck<\/strong><\/p>\n<ol>\n<li>\n<p>1.Der Verein bezweckt die Erforschung, Renaturierung und den Aufbau von Korallenriffen, den Schutz und die Erhaltung von Ozeanen und Meerestieren, den Erhalt des entsprechenden Lebensraums Meer sowie die Schulung und Aufkl\u00e4rung der Bev\u00f6lkerung \u00fcber einen nachhaltigen und verantwortungsbewussten Umgang mit der Natur.<\/p>\n<\/li>\n<\/ol>\n<ol start=\"2\">\n<li>\n<p>2.Der Verein ist weltweit t\u00e4tig, gemeinn\u00fctzig und nicht auf Gewinn ausgerichtet. <strong>Oceanpure Solutions <\/strong>achtet bei ihrer T\u00e4tigkeit auf die Erhaltung der kulturellen Werte der jeweiligen Bev\u00f6lkerung und stimmt ihre Aktivit\u00e4ten auf die sozialen und \u00f6kologischen Gegebenheiten ab.<\/p>\n<\/li>\n<\/ol>\n<\/div>\n<\/div><div class=\"bde-div-292-115 bde-div\">\n  \n  \n\t\n\n\n\n<h1 class=\"bde-heading-292-116 bde-heading\">\nIV.   UNEIGENN\u00dcTZIG-KEIT\n<\/h1><div class=\"bde-rich-text-292-117 bde-rich-text breakdance-rich-text-styles\">\n<p><strong>Art. 4 Uneigenn\u00fctzigkeit<\/strong><\/p>\n<p>Der Verein <strong>Oceanpure Solutions <\/strong>hat eine ausschliesslich gemeinn\u00fctzige Zielsetzung. Ein allf\u00e4lliger Reingewinn aus den Vereinsaktivit\u00e4ten jeglicher Art ist nebst dem Aufbau der erforderlichen Vereinsstrukturen ausschliesslich und vollumf\u00e4nglich zur Verwirklichung des Vereinszweckes und damit gemeinn\u00fctzig zu verwenden.<\/p>\n<\/div>\n<\/div><div class=\"bde-div-292-121 bde-div\">\n  \n  \n\t\n\n\n\n<h1 class=\"bde-heading-292-122 bde-heading\">\nV.   MITTEL\n<\/h1><div class=\"bde-rich-text-292-123 bde-rich-text breakdance-rich-text-styles\">\n<p><strong>Art. 5 Einnahmen<\/strong><br><strong> <\/strong><br>Zur Verfolgung des Vereinszweckes bestehen die Einnahmen aus:<\/p><ol><li><p>Mitgliederbeitr\u00e4gen: Die Mitgliederversammlung legt die H\u00f6he der Mitgliederbeitr\u00e4ge j\u00e4hrlich fest. Jedes Mitglied ist zur Zahlung des Mitgliederbeitrages verpflichtet<\/p><\/li><\/ol><ol start=\"2\"><li><p>Zuwendungen durch Freunde, G\u00f6nner und Sponsoren<\/p><\/li><\/ol><ol start=\"3\"><li><p>Schenkungen<\/p><\/li><\/ol><ol start=\"4\"><li><p>Erl\u00f6se aus Veranstaltungen und Sammlungen<br><br><\/p><\/li><\/ol><p><strong>Art. 6 Haftung<\/strong><\/p><p>F\u00fcr die Schulden des Vereins haftet nur das Vereinsverm\u00f6gen. Eine pers\u00f6nliche Haftung der Mitglieder ist ausgeschlossen.<\/p><p><br><strong>Art. 7 Unterschrift<\/strong><br><br>Der Verein wird verpflichtet durch die Kollektivunterschrift jedes Vorstandsmitglieds.<\/p>\n<\/div>\n<\/div><div class=\"bde-div-292-124 bde-div\">\n  \n  \n\t\n\n\n\n<h1 class=\"bde-heading-292-125 bde-heading\">\nVI.    MITGLIEDSCHAFT\n<\/h1><div class=\"bde-rich-text-292-126 bde-rich-text breakdance-rich-text-styles\">\n<p><strong>Art. 8 Mitglieder<\/strong><\/p><ol><li><p>1.Nat\u00fcrliche und juristische Personen k\u00f6nnen die Mitgliedschaft m\u00fcndlich oder schriftlich mit der Bezahlung eines Jahresbeitrages beantragen.<\/p><\/li><\/ol><ol start=\"2\"><li><p>2.\u00dcber die Aufnahme von Mitgliedern entscheidet der Vorstand.<\/p><\/li><\/ol><ol start=\"3\"><li><p>3.Die H\u00f6he des Jahresbeitrages wird jeweils von der Mitgliederversammlung bestimmt.<br><br><\/p><\/li><\/ol><p><strong>Art. 9 Erl\u00f6schen der Mitgliedschaft<\/strong><\/p><ol><li><p>1.Die Mitgliedschaft f\u00fcr nat\u00fcrliche Personen erlischt durch Austritt auf Jahresende, Ausschluss oder Tod.<\/p><\/li><\/ol><ol start=\"2\"><li><p>2.Die Mitgliedschaft f\u00fcr juristische Personen erlischt durch Austritt, Ausschluss oder Aufl\u00f6sung.<br><br><\/p><\/li><\/ol><p><strong>Art. 10 Austritt<\/strong><\/p><p>Ein Vereinsaustritt ist jeweils auf Jahresende m\u00f6glich. Das Austrittsbegehren kann bis zur Mitgliederversammlung r\u00fcckwirkend auf das Ende des vergangenen Kalenderjahres schriftlich zu Handen des Pr\u00e4sidenten erfolgen.<br><br><\/p><p><strong>Art. 11 Ausschluss<\/strong><\/p><p>Ein Mitglied kann jederzeit ohne Grundangabe aus dem Verein ausgeschlossen werden. Der Vorstand f\u00e4llt den Ausschlussentscheid; das Mitglied kann den Ausschlussentscheid an die Mitgliederversammlung weiterziehen.<\/p>\n<\/div>\n<\/div><div class=\"bde-div-292-127 bde-div\">\n  \n  \n\t\n\n\n\n<h1 class=\"bde-heading-292-128 bde-heading\">\nVII.    ORGANISATION\n<\/h1><div class=\"bde-rich-text-292-129 bde-rich-text breakdance-rich-text-styles\">\n<p><strong>Art. 12 Organe<\/strong><\/p><p>Die Organe des Vereins sind:<\/p><p>(a) die Mitgliederversammlung;<\/p><p>(b) der Vorstand.<br><br><\/p><p><strong><u>A. Die Mitgliederversammlung&nbsp;<\/u><\/strong><br><\/p><p><strong>Art. 13 Mitgliederversammlung<\/strong><\/p><ol><li><p>1.Das oberste Organ des Vereins ist die Mitgliederversammlung. Eine ordentliche Mitgliederversammlung wird j\u00e4hrlich vom Vorstand einberufen, in der Regel innerhalb der ersten 6 Monate des Jahres. Mitgliederversammlungen k\u00f6nnen physisch oder virtuell nach Wahl des Vorstands stattfinden.<\/p><\/li><\/ol><ol start=\"2\"><li><p>2.Die schriftliche Einladung mit der Traktandenliste muss mindestens 10 (zehn) Tage vor der Durchf\u00fchrung an die Mitglieder per Post oder E-Mail an die zuletzt bekannte Adresse versandt werden.<\/p><\/li><\/ol><ol start=\"3\"><li><p>3.Eine ausserordentliche Mitgliederversammlung wird einberufen, wenn dies der Vorstand beschlie\u00dft oder wenn ein F\u00fcnftel der Mitglieder die Einberufung unter Angabe der Gesch\u00e4fte verlangt.<\/p><\/li><\/ol><ol start=\"4\"><li><p>4.\u00dcber nicht traktandierte Gesch\u00e4fte kann unter Zustimmung von zwei Dritteln aller anwesenden Vereinsmitglieder Beschluss gefasst werden. Beschlussfassung \u00fcber traktandierte Gesch\u00e4fte erfolgt mit einfachem Mehr der anwesenden Mitglieder. Bei Stimmengleichheit entscheidet bei Beschl\u00fcssen der Pr\u00e4sident mit einer zweiten Stimme, bei Wahlen das Los.&nbsp;<\/p><\/li><\/ol><ol start=\"5\"><li><p>5.Jede statutengem\u00e4ss einberufene Mitgliederversammlung ist, unabh\u00e4ngig von der Zahl der anwesenden Mitglieder, beschlussf\u00e4hig.<\/p><\/li><\/ol><ol start=\"6\"><li><p>6.Jedes Mitglied hat in der Mitgliederversammlung eine Stimme. Juristische Personen und Familienmitgliedschaften gelten als ein Mitglied und \u00fcber ihr Stimmrecht durch einen bevollm\u00e4chtigten Vertreter aus. Die Stimmabgabe f\u00fcr pers\u00f6nlich nicht anwesende Einzelmitglieder ist nicht statthaft.<\/p><\/li><\/ol><p><br><strong>Art. 14 Aufgaben<\/strong><\/p><p>Die Mitgliederversammlung hat die folgenden un\u00fcbertragbaren Aufgaben:<\/p><ol><li><p>Wahl bzw. Abwahl des Pr\u00e4sidenten und der \u00fcbrigen Mitglieder des Vorstandes sowie der Revisionsstelle;<\/p><\/li><\/ol><ol start=\"2\"><li><p>Festsetzung und \u00c4nderung der Statuten, wobei eine Statuten\u00e4nderung, die den gemeinn\u00fctzigen Zweck aufhebt nicht zul\u00e4ssig ist;<\/p><\/li><\/ol><ol start=\"3\"><li><p>Abnahme der Jahresberichts des Pr\u00e4sidenten, der Vereinsrechnung und des Berichts der Revisionsstelle sowie Entlastung des Vorstands und der Revisionsstelle;<\/p><\/li><\/ol><ol start=\"4\"><li><p>Genehmigung des Jahresbudget;<\/p><\/li><\/ol><ol start=\"5\"><li><p>Festsetzung der Mitgliederbeitr\u00e4ge;<\/p><\/li><\/ol><ol start=\"6\"><li><p>Ausschluss von Mitgliedern und Behandlung der Ausschlussrekursen;<\/p><\/li><\/ol><ol start=\"7\"><li><p>Beschlussfassung \u00fcber alle Gegenst\u00e4nde der Traktandenliste;<\/p><\/li><\/ol><ol start=\"8\"><li><p>Beschlussfassung \u00fcber die Antr\u00e4ge einzelner Mitglieder;<\/p><\/li><\/ol><ol start=\"9\"><li><p>Beschlussfassung \u00fcber die Aufl\u00f6sung des Vereins und die Liquidation des Vereinsverm\u00f6gens;<\/p><\/li><\/ol><ol start=\"10\"><li><p>Beschlussfassung \u00fcber Gegenst\u00e4nde, die ihr durch Gesetz oder die Statuten vorbehalten sind.<\/p><\/li><\/ol>\n<\/div>\n<\/div><div class=\"bde-div-292-130 bde-div\">\n  \n  \n\t\n\n\n\n<div class=\"bde-rich-text-292-132 bde-rich-text breakdance-rich-text-styles\">\n<p><strong><u>B. Der Vorstand&nbsp;<\/u><\/strong><\/p><p><\/p><p><strong>Art. 15 Vorstand<\/strong><\/p><ol><li><p>1.Der Vorstand besteht aus einem oder mehreren Mitgliedern, die von der Vereinsversammlung auf eine Amtsdauer von f\u00fcnf Jahren gew\u00e4hlt werden. Er konstituiert sich mit Ausnahme des Pr\u00e4sidenten selbst. Eine Wiederwahl ist zul\u00e4ssig.&nbsp;<\/p><\/li><\/ol><ol start=\"2\"><li><p>2.Der Vorstand hat die folgenden Pflichten und Rechte:<\/p><\/li><\/ol><ol><li><p>Vertretung des Vereins gegen aussen;<\/p><\/li><\/ol><ol start=\"2\"><li><p>Regelung der Zeichnungsberechtigung;<\/p><\/li><\/ol><ol start=\"3\"><li><p>Leitung des Vereins und Besorgung der laufenden Gesch\u00e4fte;<\/p><\/li><\/ol><ol start=\"4\"><li><p>Verwaltung des Vereinsverm\u00f6gens;<\/p><\/li><\/ol><ol start=\"5\"><li><p>Erstellen des Jahresberichtes, der Jahresrechnung und des Budgets;<\/p><\/li><\/ol><ol start=\"6\"><li><p>Einberufung, Vorbereitung und Leitung der ordentlichen sowie au\u00dferordentlichen Vereinsversammlungen;<\/p><\/li><\/ol><ol start=\"7\"><li><p>Vollzug der Vereinsbeschl\u00fcsse;<\/p><\/li><\/ol><ol start=\"8\"><li><p>Aufnahme neuer Mitglieder und Ausschluss bestehender Mitglieder.<\/p><\/li><\/ol><ol start=\"3\"><li><p>3.Der Vorstand verf\u00fcgt zudem \u00fcber alle Kompetenzen, die nicht der Vereinsversammlung vorbehalten sind.<\/p><\/li><\/ol><ol start=\"4\"><li><p>4.Der Vorstand versammelt sich auf Einladung des Pr\u00e4sidenten, so oft es die Gesch\u00e4fte erfordern. Vorstandssitzungen k\u00f6nnen physisch oder virtuell abgehalten werden.<\/p><\/li><\/ol><ol start=\"5\"><li><p>5.Die Einberufung der Vorstandssitzungen hat schriftlich oder elektronisch, in der Regel zehn Tage zum Voraus, zu erfolgen und hat \u00fcber die Verhandlungsgegenst\u00e4nde Auskunft zu geben. \u00dcber die Verhandlungen ist ein Protokoll zu f\u00fchren.<\/p><\/li><li><p>6.Beschl\u00fcsse und Wahlen des Vorstands k\u00f6nnen ohne Durchf\u00fchrung einer Vorstandssitzung auch auf dem Weg der schriftlichen Zustimmung zu einem gestellten Antrag gefasst werden, sofern nicht ein Mitglied des Vorstands die m\u00fcndliche Beratung verlangt. Der Antrag und die Zustimmung k\u00f6nnen per Brief, Telefax oder via elektronische Daten\u00fcbertragung vorgenommen werden.<\/p><\/li><\/ol><ol start=\"7\"><li><p>7.Dem Vorstand stehen grunds\u00e4tzlich alle Befugnisse zu, welche nicht ausdr\u00fccklich einem anderen Organ vorbehalten sind, dazu geh\u00f6rt insbesondere auch die Besetzung der Projektstelle.<\/p><\/li><\/ol>\n<\/div>\n<\/div><div class=\"bde-div-292-133 bde-div\">\n  \n  \n\t\n\n\n\n<h1 class=\"bde-heading-292-134 bde-heading\">\nVIII. BEIRAT\n<\/h1><div class=\"bde-rich-text-292-135 bde-rich-text breakdance-rich-text-styles\">\n<p><strong>Art. 16 Beirat<\/strong><\/p><p>Bei Bedarf kann der Vorstand Beir\u00e4te einsetzen, die ihn bei der Verwirklichung einzelner Vereinsziele vor\u00fcbergehend oder st\u00e4ndig aus wissenschaftlicher, finanzieller, rechtlicher oder anderer Sicht unterst\u00fctzen oder beraten.<\/p>\n<\/div>\n<\/div><div class=\"bde-div-292-136 bde-div\">\n  \n  \n\t\n\n\n\n<h1 class=\"bde-heading-292-137 bde-heading\">\nIX.  SCHLUSSBE-<div>STIMMUNGEN<\/div>\n<\/h1><div class=\"bde-rich-text-292-138 bde-rich-text breakdance-rich-text-styles\">\n<p><strong>Art. 17 \u00c4nderung der Statuten<\/strong><br><\/p><p>Die vorliegenden Statuten k\u00f6nnen abge\u00e4ndert werden, wenn zwei Drittel der Vereinsmitglieder dem \u00c4nderungsvorschlag zustimmen.<\/p><p><br><strong>Art. 18 Aufl\u00f6sung<\/strong><\/p><p>Die Aufl\u00f6sung des Vereins kann beschlossen werden, wenn zwei Drittel der Mitglieder zustimmen. Bei einer Aufl\u00f6sung des Vereins f\u00e4llt das Vereinsverm\u00f6gen an eine gemeinn\u00fctzige Institution, welche den gleichen oder einen \u00e4hnlichen Zweck verfolgt.<br><br><\/p><p><strong>Art. 19 Inkrafttreten<\/strong><\/p><p>Diese Statuten sind an der Mitgliederversammlung vom 15. September 2023 angenommen worden und sind mit diesem Datum in Kraft getreten.<\/p>\n<\/div>\n<\/div><div class=\"bde-div-292-139 bde-div\">\n  \n  \n\t\n\n\n\n<h1 class=\"bde-heading-292-140 bde-heading\">\n\n<\/h1><div class=\"bde-rich-text-292-141 bde-rich-text breakdance-rich-text-styles\">\n<p><br \/>Diese Statuten wurden an der Urabstimmung vom 30. Oktober 2023 genehmigt. <br \/>Die Statuten treten sofort in Kraft.<\/p>\n<p>Rain, 30. Oktober 2023<br \/><br \/>Fu\u0308r den Vorstand:<\/p>\n<p><strong>Melvin Eisensteck<br \/><\/strong>Pra\u0308sident Verein Oceanpure Solutions<\/p>\n<\/div>\n<\/div>\n<\/div><\/div>\n<\/section>","protected":false},"excerpt":{"rendered":"<p>OceanPure Solutions VEREIN STATUTEN I. Name, Sitz, Dauer Art. 1 Name, Sitz, Dauer 1.Unter dem Namen Oceanpure Solutions besteht ein Verein im Sinne von Art. 60 ff. ZGB als juristische Person mit Sitz in Rain, Kanton Luzern. 2.Die Dauer des Vereins ist unbeschr\u00e4nkt. II. Zweck des Vereins Art. 2 Zweck 1.Der Verein bezweckt die Erforschung, [&hellip;]<\/p>","protected":false},"author":1,"featured_media":0,"parent":0,"menu_order":0,"comment_status":"closed","ping_status":"closed","template":"","meta":{"give_campaign_id":0,"_breakdance_hide_in_design_set":false,"_breakdance_tags":"","footnotes":""},"class_list":["post-292","page","type-page","status-publish","hentry"],"campaignId":"","_links":{"self":[{"href":"https:\/\/www.oceanpure-solutions.ch\/en\/wp-json\/wp\/v2\/pages\/292","targetHints":{"allow":["GET"]}}],"collection":[{"href":"https:\/\/www.oceanpure-solutions.ch\/en\/wp-json\/wp\/v2\/pages"}],"about":[{"href":"https:\/\/www.oceanpure-solutions.ch\/en\/wp-json\/wp\/v2\/types\/page"}],"author":[{"embeddable":true,"href":"https:\/\/www.oceanpure-solutions.ch\/en\/wp-json\/wp\/v2\/users\/1"}],"replies":[{"embeddable":true,"href":"https:\/\/www.oceanpure-solutions.ch\/en\/wp-json\/wp\/v2\/comments?post=292"}],"version-history":[{"count":1,"href":"https:\/\/www.oceanpure-solutions.ch\/en\/wp-json\/wp\/v2\/pages\/292\/revisions"}],"predecessor-version":[{"id":1632,"href":"https:\/\/www.oceanpure-solutions.ch\/en\/wp-json\/wp\/v2\/pages\/292\/revisions\/1632"}],"wp:attachment":[{"href":"https:\/\/www.oceanpure-solutions.ch\/en\/wp-json\/wp\/v2\/media?parent=292"}],"curies":[{"name":"wp","href":"https:\/\/api.w.org\/{rel}","templated":true}]}}