{"id":210,"date":"2023-11-17T19:10:59","date_gmt":"2023-11-17T19:10:59","guid":{"rendered":"https:\/\/ocean-pure.wh56.host-rack.com\/?page_id=210"},"modified":"2024-12-10T19:52:08","modified_gmt":"2024-12-10T19:52:08","slug":"spenden","status":"publish","type":"page","link":"https:\/\/www.oceanpure-solutions.ch\/en\/spenden\/","title":{"rendered":"Spenden"},"content":{"rendered":"<div class=\"shariff shariff-align-flex-start shariff-widget-align-flex-start\"><ul class=\"shariff-buttons theme-default orientation-horizontal buttonsize-medium\"><li class=\"shariff-button whatsapp shariff-nocustomcolor\" style=\"background-color:#5cbe4a\"><a href=\"https:\/\/api.whatsapp.com\/send?text=https%3A%2F%2Fwww.oceanpure-solutions.ch%2Fen%2Fspenden%2F%20Spenden\" title=\"Bei Whatsapp teilen\" aria-label=\"Bei Whatsapp teilen\" role=\"button\" rel=\"noopener nofollow\" class=\"shariff-link\" style=\"; background-color:#34af23; color:#fff\" target=\"_blank\"><span class=\"shariff-icon\" style=\"\"><svg width=\"32px\" height=\"20px\" xmlns=\"http:\/\/www.w3.org\/2000\/svg\" viewbox=\"0 0 32 32\"><path fill=\"#34af23\" d=\"M17.6 17.4q0.2 0 1.7 0.8t1.6 0.9q0 0.1 0 0.3 0 0.6-0.3 1.4-0.3 0.7-1.3 1.2t-1.8 0.5q-1 0-3.4-1.1-1.7-0.8-3-2.1t-2.6-3.3q-1.3-1.9-1.3-3.5v-0.1q0.1-1.6 1.3-2.8 0.4-0.4 0.9-0.4 0.1 0 0.3 0t0.3 0q0.3 0 0.5 0.1t0.3 0.5q0.1 0.4 0.6 1.6t0.4 1.3q0 0.4-0.6 1t-0.6 0.8q0 0.1 0.1 0.3 0.6 1.3 1.8 2.4 1 0.9 2.7 1.8 0.2 0.1 0.4 0.1 0.3 0 1-0.9t0.9-0.9zM14 26.9q2.3 0 4.3-0.9t3.6-2.4 2.4-3.6 0.9-4.3-0.9-4.3-2.4-3.6-3.6-2.4-4.3-0.9-4.3 0.9-3.6 2.4-2.4 3.6-0.9 4.3q0 3.6 2.1 6.6l-1.4 4.2 4.3-1.4q2.8 1.9 6.2 1.9zM14 2.2q2.7 0 5.2 1.1t4.3 2.9 2.9 4.3 1.1 5.2-1.1 5.2-2.9 4.3-4.3 2.9-5.2 1.1q-3.5 0-6.5-1.7l-7.4 2.4 2.4-7.2q-1.9-3.2-1.9-6.9 0-2.7 1.1-5.2t2.9-4.3 4.3-2.9 5.2-1.1z\"\/><\/svg><\/span><span class=\"shariff-text\">teilen<\/span>&nbsp;<\/a><\/li><li class=\"shariff-button facebook shariff-nocustomcolor\" style=\"background-color:#4273c8\"><a href=\"https:\/\/www.facebook.com\/sharer\/sharer.php?u=https%3A%2F%2Fwww.oceanpure-solutions.ch%2Fen%2Fspenden%2F\" title=\"Bei Facebook teilen\" aria-label=\"Bei Facebook teilen\" role=\"button\" rel=\"nofollow\" class=\"shariff-link\" style=\"; background-color:#3b5998; color:#fff\" target=\"_blank\"><span class=\"shariff-icon\" style=\"\"><svg width=\"32px\" height=\"20px\" xmlns=\"http:\/\/www.w3.org\/2000\/svg\" viewbox=\"0 0 18 32\"><path fill=\"#3b5998\" d=\"M17.1 0.2v4.7h-2.8q-1.5 0-2.1 0.6t-0.5 1.9v3.4h5.2l-0.7 5.3h-4.5v13.6h-5.5v-13.6h-4.5v-5.3h4.5v-3.9q0-3.3 1.9-5.2t5-1.8q2.6 0 4.1 0.2z\"\/><\/svg><\/span><span class=\"shariff-text\">teilen<\/span>&nbsp;<\/a><\/li><li class=\"shariff-button linkedin shariff-nocustomcolor\" style=\"background-color:#1488bf\"><a href=\"https:\/\/www.linkedin.com\/sharing\/share-offsite\/?url=https%3A%2F%2Fwww.oceanpure-solutions.ch%2Fen%2Fspenden%2F\" title=\"Bei LinkedIn teilen\" aria-label=\"Bei LinkedIn teilen\" role=\"button\" rel=\"noopener nofollow\" class=\"shariff-link\" style=\"; background-color:#0077b5; color:#fff\" target=\"_blank\"><span class=\"shariff-icon\" style=\"\"><svg width=\"32px\" height=\"20px\" xmlns=\"http:\/\/www.w3.org\/2000\/svg\" viewbox=\"0 0 27 32\"><path fill=\"#0077b5\" d=\"M6.2 11.2v17.7h-5.9v-17.7h5.9zM6.6 5.7q0 1.3-0.9 2.2t-2.4 0.9h0q-1.5 0-2.4-0.9t-0.9-2.2 0.9-2.2 2.4-0.9 2.4 0.9 0.9 2.2zM27.4 18.7v10.1h-5.9v-9.5q0-1.9-0.7-2.9t-2.3-1.1q-1.1 0-1.9 0.6t-1.2 1.5q-0.2 0.5-0.2 1.4v9.9h-5.9q0-7.1 0-11.6t0-5.3l0-0.9h5.9v2.6h0q0.4-0.6 0.7-1t1-0.9 1.6-0.8 2-0.3q3 0 4.9 2t1.9 6z\"\/><\/svg><\/span><span class=\"shariff-text\">teilen<\/span>&nbsp;<\/a><\/li><li class=\"shariff-button twitter shariff-nocustomcolor\" style=\"background-color:#595959\"><a href=\"https:\/\/twitter.com\/share?url=https%3A%2F%2Fwww.oceanpure-solutions.ch%2Fen%2Fspenden%2F&text=Spenden\" title=\"Bei X teilen\" aria-label=\"Bei X teilen\" role=\"button\" rel=\"noopener nofollow\" class=\"shariff-link\" style=\"; background-color:#000; color:#fff\" target=\"_blank\"><span class=\"shariff-icon\" style=\"\"><svg width=\"32px\" height=\"20px\" xmlns=\"http:\/\/www.w3.org\/2000\/svg\" viewbox=\"0 0 24 24\"><path fill=\"#000\" d=\"M14.258 10.152L23.176 0h-2.113l-7.747 8.813L7.133 0H0l9.352 13.328L0 23.973h2.113l8.176-9.309 6.531 9.309h7.133zm-2.895 3.293l-.949-1.328L2.875 1.56h3.246l6.086 8.523.945 1.328 7.91 11.078h-3.246zm0 0\"\/><\/svg><\/span><span class=\"shariff-text\">teilen<\/span>&nbsp;<\/a><\/li><\/ul><\/div><section class=\"bde-section-210-138 bde-section\">\n  \n  \n\t\n\n\n\n<div class=\"section-container\"><div class=\"bde-div-210-139 bde-div\">\n  \n  \n\t\n\n\n\n<div class=\"bde-video-210-140 bde-video\">\n<div class=\"ee-video-container\">\n                                                                            \n                                \n                <iframe\n                        class=\"ee-video\"\n                title=\"\"\n                                src=\"https:\/\/www.youtube-nocookie.com\/embed\/ci5OMIwIJUY?feature=oembed&controls=0&autoplay=1&mute=1&modestbranding=1&start=5&rel=0&playlist=ci5OMIwIJUY&loop=1&enablejsapi=1\"\n                frameborder=\"0\"\n                allow=\"accelerometer; autoplay; clipboard-write; encrypted-media; gyroscope; picture-in-picture\"\n                allowfullscreen>\n                <\/iframe>\n                    \n        \n            \n    <\/div>\n\n<\/div>\n<\/div><div class=\"bde-rich-text-210-141 bde-rich-text breakdance-rich-text-styles\">\n<svg class=\"waves\" xmlns=\"http:\/\/www.w3.org\/2000\/svg\" xmlns:xlink=\"http:\/\/www.w3.org\/1999\/xlink\"\nviewbox=\"0 24 150 28\" preserveaspectratio=\"none\" shape-rendering=\"auto\">\n<defs>\n<path id=\"gentle-wave\" d=\"M-160 44c30 0 58-18 88-18s 58 18 88 18 58-18 88-18 58 18 88 18 v44h-352z\" \/>\n<\/defs>\n<g class=\"parallax\">\n<use xlink:href=\"#gentle-wave\" x=\"48\" y=\"0\" fill=\"rgba(255,255,255,0.7\" \/>\n<use xlink:href=\"#gentle-wave\" x=\"48\" y=\"3\" fill=\"rgba(255,255,255,0.5)\" \/>\n<use xlink:href=\"#gentle-wave\" x=\"48\" y=\"5\" fill=\"rgba(255,255,255,0.3)\" \/>\n<use xlink:href=\"#gentle-wave\" x=\"48\" y=\"7\" fill=\"#fff\" \/>\n<\/g>\n<\/svg>\n<\/div><\/div>\n<\/section><section class=\"bde-section-210-110 bde-section\">\n  \n  \n\t\n\n\n\n<div class=\"section-container\"><div class=\"bde-div-210-111 bde-div\">\n  \n  \n\t\n\n\n\n<div class=\"bde-text-210-112 bde-text\">\nSUPPORT for our projects\n<\/div><h1 class=\"bde-heading-210-113 bde-heading\">\nTogether for a better future\n<\/h1><div class=\"bde-div-210-114 bde-div\">\n  \n  \n\t\n\n\n\n<div class=\"bde-text-210-115 bde-text\">\nYour generous support is invaluable! Your donation not only helps to protect reefs, mangrove forests and communities in Bali, but also makes an important contribution to global environmental protection. Without your help, we would not be able to start or continue new projects for the conservation of the oceans, coral reefs, mangrove forests and waste disposal. Thank you very much for your support!\n<\/div>\n<\/div>\n<\/div><\/div>\n<\/section><section class=\"bde-section-210-134 bde-section\">\n  \n  \n\t\n\n\n\n<div class=\"section-container\"><div class=\"bde-div-210-135 bde-div\">\n  \n  \n\t\n\n\n\n<div class=\"bde-shortcode-210-102 bde-shortcode\"><div class='root-data-givewp-embed' data-form-locale='en_GB' data-form-url='https:\/\/www.oceanpure-solutions.ch\/?post_type=give_forms&#038;p=1041' data-form-view-url='https:\/\/www.oceanpure-solutions.ch\/en\/?givewp-route=donation-form-view&form-id=1041' data-src='https:\/\/www.oceanpure-solutions.ch\/en\/?givewp-route=donation-form-view&form-id=1041' data-givewp-embed-id='give-form-shortcode-1' data-form-format='' data-open-form-button='Donate now' style='--givewp-primary-color: #0693e3; --givewp-secondary-color: #8ed1fc;'><\/div><\/div>\n<\/div><\/div>\n<\/section><section class=\"bde-section-210-119 bde-section\">\n  \n  \n\t\n\n\n\n<div class=\"section-container\"><div class=\"bde-div-210-120 bde-div\">\n  \n  \n\t\n\n\n\n<div class=\"bde-text-210-121 bde-text\">\nIhre Spende direkt mit\n<\/div><h1 class=\"bde-heading-210-122 bde-heading\">\nPaypal\n<\/h1><div class=\"bde-div-210-123 bde-div\">\n  \n  \n\t\n\n\n\n<div class=\"bde-div-210-130 bde-div\">\n  \n  \n\t\n\n\n\n<div class=\"bde-text-210-131 bde-text\">\nEs gibt auch die bequeme Option, direkt \u00fcber PayPal zu spenden. Ihre Gro\u00dfz\u00fcgigkeit ist der Antrieb f\u00fcr unseren gemeinsamen Erfolg. Von Herzen danken wir Ihnen f\u00fcr Ihre wertvolle Unterst\u00fctzung!\n<\/div>\n<\/div><div class=\"bde-text-210-124 bde-text\">\n\n<\/div>\n<\/div>\n<\/div><div class=\"bde-image-210-125 bde-image\">\n<figure class=\"breakdance-image breakdance-image--980\">\n\t<div class=\"breakdance-image-container\">\n\t\t<div class=\"breakdance-image-clip\"><a class=\"breakdance-image-link breakdance-image-link--url\" href=\"https:\/\/paypal.me\/OceanpureSolutions?country.x=CH&locale.x=de_DE\" target=\"_self\" rel=\"noopener\" data-sub-html=\"\" data-lg-size=\"-\"><img loading=\"lazy\" decoding=\"async\" class=\"breakdance-image-object\" src=\"https:\/\/www.oceanpure-solutions.ch\/wp-content\/uploads\/2024\/05\/Paypal-QR.jpg\" width=\"500\" height=\"500\" srcset=\"https:\/\/www.oceanpure-solutions.ch\/wp-content\/uploads\/2024\/05\/Paypal-QR.jpg 500w, https:\/\/www.oceanpure-solutions.ch\/wp-content\/uploads\/2024\/05\/Paypal-QR-300x300.jpg 300w, https:\/\/www.oceanpure-solutions.ch\/wp-content\/uploads\/2024\/05\/Paypal-QR-150x150.jpg 150w, https:\/\/www.oceanpure-solutions.ch\/wp-content\/uploads\/2024\/05\/Paypal-QR-12x12.jpg 12w\" sizes=\"auto, (max-width: 500px) 100vw, 500px\"><\/a><\/div>\n\t<\/div><\/figure>\n\n<\/div><\/div>\n<\/section><section class=\"bde-section-210-126 bde-section\">\n  \n  \n\t\n\n\n\n<div class=\"section-container\"><div class=\"bde-div-210-127 bde-div\">\n  \n  \n\t\n\n\n\n<div class=\"bde-text-210-128 bde-text\">\nIHRE SPENDE DIREKT MIT\n<\/div><h1 class=\"bde-heading-210-129 bde-heading\">\nTwint\n<\/h1><div class=\"bde-div-210-136 bde-div\">\n  \n  \n\t\n\n\n\n<div class=\"bde-text-210-137 bde-text\">\nYou also have the option to donate via Twint. Your generosity is the key to our joint success. Thank you very much for your support!\n<\/div>\n<\/div>\n<\/div><div class=\"bde-code-block-210-149 bde-code-block\">\n\n    <button style=\"width: auto; height: 58px; border-radius: 6px; display: flex; justify-content: center; cursor: pointer; background-color: transparent; border: none; align-items: center;\" onclick=\"window.open('https:\/\/go.twint.ch\/1\/e\/tw?tw=acq.pw1KmS0hR3GyXHUD5DuXH9pGZYA5FbL93Azmw9D6dJ3FdKyAfifYRcZI0G2Z0CFP.', '_blank')\" > <img decoding=\"async\" style=\"width: auto; height: 258px\" alt=\"Embedded TWINT button\" src=\"https:\/\/go.twint.ch\/static\/img\/button_dark_en.svg\"\/><\/button>\n\n\n<\/div><\/div>\n<\/section>","protected":false},"excerpt":{"rendered":"<p>UNTERST\u00dcTZUNG f\u00fcr unsere Projekte Gemeinsam f\u00fcr eine bessere Zukunft Ihre gro\u00dfz\u00fcgige Unterst\u00fctzung ist von unsch\u00e4tzbarem Wert! Mit Ihrer Spende tragen Sie nicht nur zum Schutz von Riffen, Mangrovenw\u00e4ldern und Gemeinden in Bali bei, sondern leisten auch einen wichtigen Beitrag zum weltweiten Umweltschutz. Ohne Ihre Hilfe k\u00f6nnten wir keine neuen Projekte zur Erhaltung der Meere, Korallenriffe, [&hellip;]<\/p>","protected":false},"author":1,"featured_media":0,"parent":0,"menu_order":0,"comment_status":"closed","ping_status":"closed","template":"","meta":{"give_campaign_id":0,"_breakdance_hide_in_design_set":false,"_breakdance_tags":"","footnotes":""},"class_list":["post-210","page","type-page","status-publish","hentry"],"campaignId":"","_links":{"self":[{"href":"https:\/\/www.oceanpure-solutions.ch\/en\/wp-json\/wp\/v2\/pages\/210","targetHints":{"allow":["GET"]}}],"collection":[{"href":"https:\/\/www.oceanpure-solutions.ch\/en\/wp-json\/wp\/v2\/pages"}],"about":[{"href":"https:\/\/www.oceanpure-solutions.ch\/en\/wp-json\/wp\/v2\/types\/page"}],"author":[{"embeddable":true,"href":"https:\/\/www.oceanpure-solutions.ch\/en\/wp-json\/wp\/v2\/users\/1"}],"replies":[{"embeddable":true,"href":"https:\/\/www.oceanpure-solutions.ch\/en\/wp-json\/wp\/v2\/comments?post=210"}],"version-history":[{"count":0,"href":"https:\/\/www.oceanpure-solutions.ch\/en\/wp-json\/wp\/v2\/pages\/210\/revisions"}],"wp:attachment":[{"href":"https:\/\/www.oceanpure-solutions.ch\/en\/wp-json\/wp\/v2\/media?parent=210"}],"curies":[{"name":"wp","href":"https:\/\/api.w.org\/{rel}","templated":true}]}}