{"id":208,"date":"2023-11-17T19:10:23","date_gmt":"2023-11-17T19:10:23","guid":{"rendered":"https:\/\/ocean-pure.wh56.host-rack.com\/?page_id=208"},"modified":"2025-01-19T11:01:48","modified_gmt":"2025-01-19T11:01:48","slug":"mangroven","status":"publish","type":"page","link":"https:\/\/www.oceanpure-solutions.ch\/en\/mangroven\/","title":{"rendered":"Mangroves"},"content":{"rendered":"<div class=\"shariff shariff-align-flex-start shariff-widget-align-flex-start\"><ul class=\"shariff-buttons theme-default orientation-horizontal buttonsize-medium\"><li class=\"shariff-button whatsapp shariff-nocustomcolor\" style=\"background-color:#5cbe4a\"><a href=\"https:\/\/api.whatsapp.com\/send?text=https%3A%2F%2Fwww.oceanpure-solutions.ch%2Fen%2Fmangroven%2F%20Mangroven\" title=\"Bei Whatsapp teilen\" aria-label=\"Bei Whatsapp teilen\" role=\"button\" rel=\"noopener nofollow\" class=\"shariff-link\" style=\"; background-color:#34af23; color:#fff\" target=\"_blank\"><span class=\"shariff-icon\" style=\"\"><svg width=\"32px\" height=\"20px\" xmlns=\"http:\/\/www.w3.org\/2000\/svg\" viewbox=\"0 0 32 32\"><path fill=\"#34af23\" d=\"M17.6 17.4q0.2 0 1.7 0.8t1.6 0.9q0 0.1 0 0.3 0 0.6-0.3 1.4-0.3 0.7-1.3 1.2t-1.8 0.5q-1 0-3.4-1.1-1.7-0.8-3-2.1t-2.6-3.3q-1.3-1.9-1.3-3.5v-0.1q0.1-1.6 1.3-2.8 0.4-0.4 0.9-0.4 0.1 0 0.3 0t0.3 0q0.3 0 0.5 0.1t0.3 0.5q0.1 0.4 0.6 1.6t0.4 1.3q0 0.4-0.6 1t-0.6 0.8q0 0.1 0.1 0.3 0.6 1.3 1.8 2.4 1 0.9 2.7 1.8 0.2 0.1 0.4 0.1 0.3 0 1-0.9t0.9-0.9zM14 26.9q2.3 0 4.3-0.9t3.6-2.4 2.4-3.6 0.9-4.3-0.9-4.3-2.4-3.6-3.6-2.4-4.3-0.9-4.3 0.9-3.6 2.4-2.4 3.6-0.9 4.3q0 3.6 2.1 6.6l-1.4 4.2 4.3-1.4q2.8 1.9 6.2 1.9zM14 2.2q2.7 0 5.2 1.1t4.3 2.9 2.9 4.3 1.1 5.2-1.1 5.2-2.9 4.3-4.3 2.9-5.2 1.1q-3.5 0-6.5-1.7l-7.4 2.4 2.4-7.2q-1.9-3.2-1.9-6.9 0-2.7 1.1-5.2t2.9-4.3 4.3-2.9 5.2-1.1z\"\/><\/svg><\/span><span class=\"shariff-text\">teilen<\/span>&nbsp;<\/a><\/li><li class=\"shariff-button facebook shariff-nocustomcolor\" style=\"background-color:#4273c8\"><a href=\"https:\/\/www.facebook.com\/sharer\/sharer.php?u=https%3A%2F%2Fwww.oceanpure-solutions.ch%2Fen%2Fmangroven%2F\" title=\"Bei Facebook teilen\" aria-label=\"Bei Facebook teilen\" role=\"button\" rel=\"nofollow\" class=\"shariff-link\" style=\"; background-color:#3b5998; color:#fff\" target=\"_blank\"><span class=\"shariff-icon\" style=\"\"><svg width=\"32px\" height=\"20px\" xmlns=\"http:\/\/www.w3.org\/2000\/svg\" viewbox=\"0 0 18 32\"><path fill=\"#3b5998\" d=\"M17.1 0.2v4.7h-2.8q-1.5 0-2.1 0.6t-0.5 1.9v3.4h5.2l-0.7 5.3h-4.5v13.6h-5.5v-13.6h-4.5v-5.3h4.5v-3.9q0-3.3 1.9-5.2t5-1.8q2.6 0 4.1 0.2z\"\/><\/svg><\/span><span class=\"shariff-text\">teilen<\/span>&nbsp;<\/a><\/li><li class=\"shariff-button linkedin shariff-nocustomcolor\" style=\"background-color:#1488bf\"><a href=\"https:\/\/www.linkedin.com\/sharing\/share-offsite\/?url=https%3A%2F%2Fwww.oceanpure-solutions.ch%2Fen%2Fmangroven%2F\" title=\"Bei LinkedIn teilen\" aria-label=\"Bei LinkedIn teilen\" role=\"button\" rel=\"noopener nofollow\" class=\"shariff-link\" style=\"; background-color:#0077b5; color:#fff\" target=\"_blank\"><span class=\"shariff-icon\" style=\"\"><svg width=\"32px\" height=\"20px\" xmlns=\"http:\/\/www.w3.org\/2000\/svg\" viewbox=\"0 0 27 32\"><path fill=\"#0077b5\" d=\"M6.2 11.2v17.7h-5.9v-17.7h5.9zM6.6 5.7q0 1.3-0.9 2.2t-2.4 0.9h0q-1.5 0-2.4-0.9t-0.9-2.2 0.9-2.2 2.4-0.9 2.4 0.9 0.9 2.2zM27.4 18.7v10.1h-5.9v-9.5q0-1.9-0.7-2.9t-2.3-1.1q-1.1 0-1.9 0.6t-1.2 1.5q-0.2 0.5-0.2 1.4v9.9h-5.9q0-7.1 0-11.6t0-5.3l0-0.9h5.9v2.6h0q0.4-0.6 0.7-1t1-0.9 1.6-0.8 2-0.3q3 0 4.9 2t1.9 6z\"\/><\/svg><\/span><span class=\"shariff-text\">teilen<\/span>&nbsp;<\/a><\/li><li class=\"shariff-button twitter shariff-nocustomcolor\" style=\"background-color:#595959\"><a href=\"https:\/\/twitter.com\/share?url=https%3A%2F%2Fwww.oceanpure-solutions.ch%2Fen%2Fmangroven%2F&text=Mangroven\" title=\"Bei X teilen\" aria-label=\"Bei X teilen\" role=\"button\" rel=\"noopener nofollow\" class=\"shariff-link\" style=\"; background-color:#000; color:#fff\" target=\"_blank\"><span class=\"shariff-icon\" style=\"\"><svg width=\"32px\" height=\"20px\" xmlns=\"http:\/\/www.w3.org\/2000\/svg\" viewbox=\"0 0 24 24\"><path fill=\"#000\" d=\"M14.258 10.152L23.176 0h-2.113l-7.747 8.813L7.133 0H0l9.352 13.328L0 23.973h2.113l8.176-9.309 6.531 9.309h7.133zm-2.895 3.293l-.949-1.328L2.875 1.56h3.246l6.086 8.523.945 1.328 7.91 11.078h-3.246zm0 0\"\/><\/svg><\/span><span class=\"shariff-text\">teilen<\/span>&nbsp;<\/a><\/li><\/ul><\/div><section class=\"bde-section-208-139 bde-section\">\n  \n  \n\t\n\n\n\n<div class=\"section-container\"><div class=\"bde-div-208-140 bde-div\">\n  \n  \n\t\n\n\n\n<div class=\"bde-video-208-141 bde-video\">\n<div class=\"ee-video-container\">\n                                                                            \n                                \n                <iframe\n                        class=\"ee-video\"\n                title=\"\"\n                                src=\"https:\/\/www.youtube-nocookie.com\/embed\/_B7bFsF40tM?feature=oembed&controls=0&autoplay=1&mute=1&modestbranding=1&start=5&rel=0&playlist=_B7bFsF40tM&loop=1&enablejsapi=1\"\n                frameborder=\"0\"\n                allow=\"accelerometer; autoplay; clipboard-write; encrypted-media; gyroscope; picture-in-picture\"\n                allowfullscreen>\n                <\/iframe>\n                    \n        \n            \n    <\/div>\n\n<\/div>\n<\/div><div class=\"bde-rich-text-208-142 bde-rich-text breakdance-rich-text-styles\">\n<svg class=\"waves\" xmlns=\"http:\/\/www.w3.org\/2000\/svg\" xmlns:xlink=\"http:\/\/www.w3.org\/1999\/xlink\"\nviewbox=\"0 24 150 28\" preserveaspectratio=\"none\" shape-rendering=\"auto\">\n<defs>\n<path id=\"gentle-wave\" d=\"M-160 44c30 0 58-18 88-18s 58 18 88 18 58-18 88-18 58 18 88 18 v44h-352z\" \/>\n<\/defs>\n<g class=\"parallax\">\n<use xlink:href=\"#gentle-wave\" x=\"48\" y=\"0\" fill=\"rgba(255,255,255,0.7\" \/>\n<use xlink:href=\"#gentle-wave\" x=\"48\" y=\"3\" fill=\"rgba(255,255,255,0.5)\" \/>\n<use xlink:href=\"#gentle-wave\" x=\"48\" y=\"5\" fill=\"rgba(255,255,255,0.3)\" \/>\n<use xlink:href=\"#gentle-wave\" x=\"48\" y=\"7\" fill=\"#fff\" \/>\n<\/g>\n<\/svg>\n<\/div><\/div>\n<\/section><section class=\"bde-section-208-107 bde-section\">\n  \n  \n\t\n\n\n\n<div class=\"section-container\"><div class=\"bde-div-208-108 bde-div\">\n  \n  \n\t\n\n\n\n<div class=\"bde-text-208-109 bde-text\">\nTHE INDISPENSABLE ECOSYSTEM FOR BIODIVERSITY AND CLIMATE PROTECTION\n<\/div><h1 class=\"bde-heading-208-110 bde-heading\">\nMangroves for the coasts of Bali\n<\/h1><div class=\"bde-div-208-111 bde-div\">\n  \n  \n\t\n\n\n\n<div class=\"bde-text-208-112 bde-text\">\nMangroves play a crucial role in coastal conservation. Their root systems stabilise the coasts and provide a habitat for diverse species. At the same time, they contribute to coastal protection and the reduction of greenhouse gases.\n<\/div>\n<\/div>\n<\/div><\/div>\n<\/section><section class=\"bde-section-208-113 bde-section\">\n  \n  \n\t\n\n\n\n<div class=\"section-container\"><div class=\"bde-div-208-114 bde-div\">\n  \n  \n\t\n\n\n\n<div class=\"bde-div-208-115 bde-div\">\n  \n  \n\t\n\n\n\n\n<\/div><div class=\"bde-div-208-116 bde-div\">\n  \n  \n\t\n\n\n\n<div class=\"bde-text-208-117 bde-text\">\nMangrove forests are crucial for coastal environments.\n<\/div>\n<\/div>\n<\/div><\/div>\n<\/section><section class=\"bde-section-208-118 bde-section\">\n  \n  \n\t\n\n\n\n<div class=\"section-container\"><div class=\"bde-div-208-119 bde-div\">\n  \n  \n\t\n\n\n\n<h1 class=\"bde-heading-208-120 bde-heading\" data-entrance=\"slideUp\">\nThe importance of mangroves for the region\n<\/h1><div class=\"bde-div-208-121 bde-div\">\n  \n  \n\t\n\n\n\n<div class=\"bde-text-208-122 bde-text\">\nThe mangroves along the coast of Bali play a crucial role in the ecological balance. Their dense root system not only protects against coastal erosion, but also provides a habitat for numerous animal species, including rare and endangered species that depend on these unique ecosystems.\u00a0\n<\/div><div class=\"bde-text-208-123 bde-text\">\nSaving and maintaining these valuable mangrove forests is of utmost importance, as they not only help to protect Bali's coastline from the constant challenges of climate change and erosion, but also maintain the ecological balance of the entire region and safeguard the livelihoods of the local communities. These efforts are also of global importance, as healthy mangrove forests make a significant contribution to climate protection by storing large amounts of CO2.\n<\/div>\n<\/div>\n<\/div><\/div>\n<\/section><section class=\"bde-section-208-124 bde-section\">\n  \n  \n\t\n\n\n\n<div class=\"section-container\"><div class=\"bde-div-208-125 bde-div\">\n  \n  \n\t\n\n\n\n<div class=\"bde-basicslider-208-126 bde-basicslider\">\n<div class=\"breakdance-swiper-wrapper\" data-swiper-id=\"126\">\n    <div class=\"swiper\">\n      <div class=\"swiper-wrapper\">\n      \n\t                    \n        <div class=\"swiper-slide\">\n          <div class=\"bde-basicslider__slide\">\n              <div class=\"bde-basicslider__content\">\n                          <h3 class=\"bde-basicslider__title\">But the urgency to act is increasing.<\/h3>\n                                    <div class=\"bde-basicslider__text\">\n              <p>Indonesia has recorded an alarming mangrove loss of over 40 per cent in the last 50 years<\/p>\n            <\/div>\n                                    <\/div>\n\n\t\t\t\t\t\t\n          <\/div>\n        <\/div>\n       \n\t                    \n        <div class=\"swiper-slide\">\n          <div class=\"bde-basicslider__slide\">\n              <div class=\"bde-basicslider__content\">\n                          <h3 class=\"bde-basicslider__title\">But the urgency to act is increasing.<\/h3>\n                                    <div class=\"bde-basicslider__text\">\n              <p>Over the last two decades, global mangrove stocks have shrunk by 1-2% annually due to deforestation<\/p>\n            <\/div>\n                                    <\/div>\n\n\t\t\t\t\t\t\n          <\/div>\n        <\/div>\n       \n\t                    \n        <div class=\"swiper-slide\">\n          <div class=\"bde-basicslider__slide\">\n              <div class=\"bde-basicslider__content\">\n                          <h3 class=\"bde-basicslider__title\">But the urgency to act is increasing.<\/h3>\n                                    <div class=\"bde-basicslider__text\">\n              <p>Mangroves, whose existence is under threat, are the livelihood of over 120 million people.<\/p>\n            <\/div>\n                                    <\/div>\n\n\t\t\t\t\t\t\n          <\/div>\n        <\/div>\n       \n\t                    \n        <div class=\"swiper-slide\">\n          <div class=\"bde-basicslider__slide\">\n              <div class=\"bde-basicslider__content\">\n                          <h3 class=\"bde-basicslider__title\">But the urgency to act is increasing.<\/h3>\n                                    <div class=\"bde-basicslider__text\">\n              <p>Decide now to become active! Support us in protecting the mangroves<\/p>\n            <\/div>\n                                    <\/div>\n\n\t\t\t\t\t\t\n          <\/div>\n        <\/div>\n       \n      <\/div>\n    <\/div>\n                <div class=\"swiper-button-prev\">\n            \n        <\/div>\n        <div class=\"swiper-button-next\">\n            \n        <\/div>\n    \n            <div class=\"swiper-pagination\"><\/div>\n    \n<\/div>\n\n<\/div><div class=\"bde-div-208-127 bde-div\">\n  \n  \n\t\n\n\n\n<div class=\"bde-button-208-128 bde-button\" data-entrance=\"zoomIn\">\n    \n                        \n                        \n    \n    \n    \n    \n            \n                    \n            \n            \n\n    \n    \n    \n    \n    \n    <a class=\"breakdance-link button-atom button-atom--custom bde-button__button\" href=\"https:\/\/www.oceanpure-solutions.ch\/en\/?page_id=210\" target=\"_self\" data-type=\"url\"  >\n\n    \n        <span class=\"button-atom__text\">DONATION HELPS!<\/span>\n\n        \n        \n                <\/a>\n\n    \n\n\n<\/div>\n<\/div>\n<\/div><\/div>\n<\/section><section class=\"bde-section-208-129 bde-section\">\n  \n  \n\t\n\n\n\n<div class=\"section-container\"><div class=\"bde-div-208-130 bde-div\">\n  \n  \n\t\n\n\n\n<div class=\"bde-div-208-131 bde-div\">\n  \n  \n\t\n\n\n\n\n<\/div><div class=\"bde-div-208-132 bde-div\">\n  \n  \n\t\n\n\n\n<div class=\"bde-text-208-133 bde-text\">\nMangrove forests are still increasingly being sacrificed to agriculture.\n<\/div>\n<\/div>\n<\/div><\/div>\n<\/section><section class=\"bde-section-208-134 bde-section\">\n  \n  \n\t\n\n\n\n<div class=\"section-container\"><div class=\"bde-text-208-135 bde-text\">\nOur mission to save the mangroves<br>\n<\/div><h1 class=\"bde-heading-208-136 bde-heading\" data-entrance=\"slideUp\">\nWorking together to preserve a vital ecosystem\n<\/h1><div class=\"bde-text-208-137 bde-text\">\nWe actively campaign against deforestation and pollution by not only supporting reforestation, but also actively participating in it. By promoting local partnerships and targeted education, we are helping to raise awareness of the crucial role of mangroves in our environment. We communicate the importance of these forests for the coasts to local people in the villages by jointly developing solutions for sustainable protection. Join our mission and support us with a donation to preserve the future of the coasts through sustainable action and active reforestation.\n<\/div><div class=\"bde-gallery-208-138 bde-gallery\">\n\n\n  \n\n\n\n\n\n\n\n\n\n\n<div class=\"ee-gallery ee-gallery--default ee-gallery--grid ee-gallery--single ee-gallery--lightbox ee-gallery-- ee-gallery--caption- ee-gallery--caption-none ee-gallery--ratio\">\n                  \n      <a class=\"ee-gallery-item ee-gallery-item--image ee-gallery-item--single\" href=\"https:\/\/www.oceanpure-solutions.ch\/wp-content\/uploads\/2023\/11\/magroven-bali-retten-001-scaled.jpeg\"  data-sub-html=\"<span><\/span>\" data-category=\"1\"                  data-lg-size=\"2560-1707\"\n\n      >\n        <figure class=\"ee-gallery-item-figure\">\n                        <img loading=\"lazy\" decoding=\"async\" class=\"breakdance-image-object\" src=\"https:\/\/www.oceanpure-solutions.ch\/wp-content\/uploads\/2023\/11\/magroven-bali-retten-001-1024x683.jpeg\" width=\"1024\" height=\"683\" srcset=\"https:\/\/www.oceanpure-solutions.ch\/wp-content\/uploads\/2023\/11\/magroven-bali-retten-001-scaled.jpeg 2560w, https:\/\/www.oceanpure-solutions.ch\/wp-content\/uploads\/2023\/11\/magroven-bali-retten-001-300x200.jpeg 300w, https:\/\/www.oceanpure-solutions.ch\/wp-content\/uploads\/2023\/11\/magroven-bali-retten-001-1024x683.jpeg 1024w, https:\/\/www.oceanpure-solutions.ch\/wp-content\/uploads\/2023\/11\/magroven-bali-retten-001-768x512.jpeg 768w, https:\/\/www.oceanpure-solutions.ch\/wp-content\/uploads\/2023\/11\/magroven-bali-retten-001-1536x1024.jpeg 1536w, https:\/\/www.oceanpure-solutions.ch\/wp-content\/uploads\/2023\/11\/magroven-bali-retten-001-2048x1365.jpeg 2048w\" sizes=\"auto, (max-width: 2560px) 100vw, 2560px\">\n          \n                  <\/figure>\n      <\/a>\n\n                \n      <a class=\"ee-gallery-item ee-gallery-item--image ee-gallery-item--single\" href=\"https:\/\/www.oceanpure-solutions.ch\/wp-content\/uploads\/2023\/11\/magroven-bali-retten-003-scaled.jpeg\"  data-sub-html=\"<span><\/span>\" data-category=\"1\"                  data-lg-size=\"2560-1695\"\n\n      >\n        <figure class=\"ee-gallery-item-figure\">\n                        <img loading=\"lazy\" decoding=\"async\" class=\"breakdance-image-object\" src=\"https:\/\/www.oceanpure-solutions.ch\/wp-content\/uploads\/2023\/11\/magroven-bali-retten-003-1024x678.jpeg\" width=\"1024\" height=\"678\" srcset=\"https:\/\/www.oceanpure-solutions.ch\/wp-content\/uploads\/2023\/11\/magroven-bali-retten-003-scaled.jpeg 2560w, https:\/\/www.oceanpure-solutions.ch\/wp-content\/uploads\/2023\/11\/magroven-bali-retten-003-300x199.jpeg 300w, https:\/\/www.oceanpure-solutions.ch\/wp-content\/uploads\/2023\/11\/magroven-bali-retten-003-1024x678.jpeg 1024w, https:\/\/www.oceanpure-solutions.ch\/wp-content\/uploads\/2023\/11\/magroven-bali-retten-003-768x509.jpeg 768w, https:\/\/www.oceanpure-solutions.ch\/wp-content\/uploads\/2023\/11\/magroven-bali-retten-003-1536x1017.jpeg 1536w, https:\/\/www.oceanpure-solutions.ch\/wp-content\/uploads\/2023\/11\/magroven-bali-retten-003-2048x1356.jpeg 2048w\" sizes=\"auto, (max-width: 2560px) 100vw, 2560px\">\n          \n                  <\/figure>\n      <\/a>\n\n                \n      <a class=\"ee-gallery-item ee-gallery-item--image ee-gallery-item--single\" href=\"https:\/\/www.oceanpure-solutions.ch\/wp-content\/uploads\/2023\/11\/magroven-bali-retten-002-scaled.jpeg\"  data-sub-html=\"<span><\/span>\" data-category=\"1\"                  data-lg-size=\"2560-1438\"\n\n      >\n        <figure class=\"ee-gallery-item-figure\">\n                        <img loading=\"lazy\" decoding=\"async\" class=\"breakdance-image-object\" src=\"https:\/\/www.oceanpure-solutions.ch\/wp-content\/uploads\/2023\/11\/magroven-bali-retten-002-1024x575.jpeg\" width=\"1024\" height=\"575\" srcset=\"https:\/\/www.oceanpure-solutions.ch\/wp-content\/uploads\/2023\/11\/magroven-bali-retten-002-scaled.jpeg 2560w, https:\/\/www.oceanpure-solutions.ch\/wp-content\/uploads\/2023\/11\/magroven-bali-retten-002-300x168.jpeg 300w, https:\/\/www.oceanpure-solutions.ch\/wp-content\/uploads\/2023\/11\/magroven-bali-retten-002-1024x575.jpeg 1024w, https:\/\/www.oceanpure-solutions.ch\/wp-content\/uploads\/2023\/11\/magroven-bali-retten-002-768x431.jpeg 768w, https:\/\/www.oceanpure-solutions.ch\/wp-content\/uploads\/2023\/11\/magroven-bali-retten-002-1536x863.jpeg 1536w, https:\/\/www.oceanpure-solutions.ch\/wp-content\/uploads\/2023\/11\/magroven-bali-retten-002-2048x1150.jpeg 2048w\" sizes=\"auto, (max-width: 2560px) 100vw, 2560px\">\n          \n                  <\/figure>\n      <\/a>\n\n                \n      <a class=\"ee-gallery-item ee-gallery-item--image ee-gallery-item--single\" href=\"https:\/\/www.oceanpure-solutions.ch\/wp-content\/uploads\/2023\/11\/magroven-bali-retten-004-scaled.jpeg\"  data-sub-html=\"<span><\/span>\" data-category=\"1\"                  data-lg-size=\"2560-1707\"\n\n      >\n        <figure class=\"ee-gallery-item-figure\">\n                        <img loading=\"lazy\" decoding=\"async\" class=\"breakdance-image-object\" src=\"https:\/\/www.oceanpure-solutions.ch\/wp-content\/uploads\/2023\/11\/magroven-bali-retten-004-1024x683.jpeg\" width=\"1024\" height=\"683\" srcset=\"https:\/\/www.oceanpure-solutions.ch\/wp-content\/uploads\/2023\/11\/magroven-bali-retten-004-scaled.jpeg 2560w, https:\/\/www.oceanpure-solutions.ch\/wp-content\/uploads\/2023\/11\/magroven-bali-retten-004-300x200.jpeg 300w, https:\/\/www.oceanpure-solutions.ch\/wp-content\/uploads\/2023\/11\/magroven-bali-retten-004-1024x683.jpeg 1024w, https:\/\/www.oceanpure-solutions.ch\/wp-content\/uploads\/2023\/11\/magroven-bali-retten-004-768x512.jpeg 768w, https:\/\/www.oceanpure-solutions.ch\/wp-content\/uploads\/2023\/11\/magroven-bali-retten-004-1536x1024.jpeg 1536w, https:\/\/www.oceanpure-solutions.ch\/wp-content\/uploads\/2023\/11\/magroven-bali-retten-004-2048x1365.jpeg 2048w\" sizes=\"auto, (max-width: 2560px) 100vw, 2560px\">\n          \n                  <\/figure>\n      <\/a>\n\n                \n      <a class=\"ee-gallery-item ee-gallery-item--image ee-gallery-item--single\" href=\"https:\/\/www.oceanpure-solutions.ch\/wp-content\/uploads\/2023\/11\/DSC03223-scaled.jpg\"  data-sub-html=\"<span><\/span>\" data-category=\"1\"                  data-lg-size=\"2560-1707\"\n\n      >\n        <figure class=\"ee-gallery-item-figure\">\n                        <img loading=\"lazy\" decoding=\"async\" class=\"breakdance-image-object\" src=\"https:\/\/www.oceanpure-solutions.ch\/wp-content\/uploads\/2023\/11\/DSC03223-1024x683.jpg\" width=\"1024\" height=\"683\" srcset=\"https:\/\/www.oceanpure-solutions.ch\/wp-content\/uploads\/2023\/11\/DSC03223-scaled.jpg 2560w, https:\/\/www.oceanpure-solutions.ch\/wp-content\/uploads\/2023\/11\/DSC03223-300x200.jpg 300w, https:\/\/www.oceanpure-solutions.ch\/wp-content\/uploads\/2023\/11\/DSC03223-1024x683.jpg 1024w, https:\/\/www.oceanpure-solutions.ch\/wp-content\/uploads\/2023\/11\/DSC03223-768x512.jpg 768w, https:\/\/www.oceanpure-solutions.ch\/wp-content\/uploads\/2023\/11\/DSC03223-1536x1024.jpg 1536w, https:\/\/www.oceanpure-solutions.ch\/wp-content\/uploads\/2023\/11\/DSC03223-2048x1365.jpg 2048w\" sizes=\"auto, (max-width: 2560px) 100vw, 2560px\">\n          \n                  <\/figure>\n      <\/a>\n\n                \n      <a class=\"ee-gallery-item ee-gallery-item--image ee-gallery-item--single\" href=\"https:\/\/www.oceanpure-solutions.ch\/wp-content\/uploads\/2023\/11\/DSC03219-scaled.jpg\"  data-sub-html=\"<span><\/span>\" data-category=\"1\"                  data-lg-size=\"2560-1707\"\n\n      >\n        <figure class=\"ee-gallery-item-figure\">\n                        <img loading=\"lazy\" decoding=\"async\" class=\"breakdance-image-object\" src=\"https:\/\/www.oceanpure-solutions.ch\/wp-content\/uploads\/2023\/11\/DSC03219-1024x683.jpg\" width=\"1024\" height=\"683\" srcset=\"https:\/\/www.oceanpure-solutions.ch\/wp-content\/uploads\/2023\/11\/DSC03219-scaled.jpg 2560w, https:\/\/www.oceanpure-solutions.ch\/wp-content\/uploads\/2023\/11\/DSC03219-300x200.jpg 300w, https:\/\/www.oceanpure-solutions.ch\/wp-content\/uploads\/2023\/11\/DSC03219-1024x683.jpg 1024w, https:\/\/www.oceanpure-solutions.ch\/wp-content\/uploads\/2023\/11\/DSC03219-768x512.jpg 768w, https:\/\/www.oceanpure-solutions.ch\/wp-content\/uploads\/2023\/11\/DSC03219-1536x1024.jpg 1536w, https:\/\/www.oceanpure-solutions.ch\/wp-content\/uploads\/2023\/11\/DSC03219-2048x1365.jpg 2048w\" sizes=\"auto, (max-width: 2560px) 100vw, 2560px\">\n          \n                  <\/figure>\n      <\/a>\n\n      \n  <\/div>\n\n\n\n<\/div><\/div>\n<\/section>","protected":false},"excerpt":{"rendered":"<p>DAS UNVERZICHTBARE \u00d6KOSYSTEM F\u00dcR BIODIVERSIT\u00c4T UND KLIMASCHUTZ Mangroven f\u00fcr die K\u00fcsten Balis Mangroven spielen eine entscheidende Rolle bei der K\u00fcstenerhaltung. Ihre Wurzelsysteme stabilisieren die K\u00fcsten und bieten Lebensraum f\u00fcr vielf\u00e4ltige Arten. Gleichzeitig tragen sie zur K\u00fcstenschutz und der Reduzierung von Treibhausgasen bei. Mangrovenw\u00e4lder sind entscheidend f\u00fcr die K\u00fcstenumwelt. Die Bedeutung der Mangroven f\u00fcr die Region [&hellip;]<\/p>","protected":false},"author":1,"featured_media":0,"parent":0,"menu_order":0,"comment_status":"closed","ping_status":"closed","template":"","meta":{"give_campaign_id":0,"_breakdance_hide_in_design_set":false,"_breakdance_tags":"","footnotes":""},"class_list":["post-208","page","type-page","status-publish","hentry"],"campaignId":"","_links":{"self":[{"href":"https:\/\/www.oceanpure-solutions.ch\/en\/wp-json\/wp\/v2\/pages\/208","targetHints":{"allow":["GET"]}}],"collection":[{"href":"https:\/\/www.oceanpure-solutions.ch\/en\/wp-json\/wp\/v2\/pages"}],"about":[{"href":"https:\/\/www.oceanpure-solutions.ch\/en\/wp-json\/wp\/v2\/types\/page"}],"author":[{"embeddable":true,"href":"https:\/\/www.oceanpure-solutions.ch\/en\/wp-json\/wp\/v2\/users\/1"}],"replies":[{"embeddable":true,"href":"https:\/\/www.oceanpure-solutions.ch\/en\/wp-json\/wp\/v2\/comments?post=208"}],"version-history":[{"count":0,"href":"https:\/\/www.oceanpure-solutions.ch\/en\/wp-json\/wp\/v2\/pages\/208\/revisions"}],"wp:attachment":[{"href":"https:\/\/www.oceanpure-solutions.ch\/en\/wp-json\/wp\/v2\/media?parent=208"}],"curies":[{"name":"wp","href":"https:\/\/api.w.org\/{rel}","templated":true}]}}