{"id":204,"date":"2023-11-17T19:09:49","date_gmt":"2023-11-17T19:09:49","guid":{"rendered":"https:\/\/ocean-pure.wh56.host-rack.com\/?page_id=204"},"modified":"2025-01-19T10:15:33","modified_gmt":"2025-01-19T10:15:33","slug":"korallen","status":"publish","type":"page","link":"https:\/\/www.oceanpure-solutions.ch\/en\/korallen\/","title":{"rendered":"Korallen"},"content":{"rendered":"<div class=\"shariff shariff-align-flex-start shariff-widget-align-flex-start\"><ul class=\"shariff-buttons theme-default orientation-horizontal buttonsize-medium\"><li class=\"shariff-button whatsapp shariff-nocustomcolor\" style=\"background-color:#5cbe4a\"><a href=\"https:\/\/api.whatsapp.com\/send?text=https%3A%2F%2Fwww.oceanpure-solutions.ch%2Fen%2Fkorallen%2F%20Korallen\" title=\"Bei Whatsapp teilen\" aria-label=\"Bei Whatsapp teilen\" role=\"button\" rel=\"noopener nofollow\" class=\"shariff-link\" style=\"; background-color:#34af23; color:#fff\" target=\"_blank\"><span class=\"shariff-icon\" style=\"\"><svg width=\"32px\" height=\"20px\" xmlns=\"http:\/\/www.w3.org\/2000\/svg\" viewbox=\"0 0 32 32\"><path fill=\"#34af23\" d=\"M17.6 17.4q0.2 0 1.7 0.8t1.6 0.9q0 0.1 0 0.3 0 0.6-0.3 1.4-0.3 0.7-1.3 1.2t-1.8 0.5q-1 0-3.4-1.1-1.7-0.8-3-2.1t-2.6-3.3q-1.3-1.9-1.3-3.5v-0.1q0.1-1.6 1.3-2.8 0.4-0.4 0.9-0.4 0.1 0 0.3 0t0.3 0q0.3 0 0.5 0.1t0.3 0.5q0.1 0.4 0.6 1.6t0.4 1.3q0 0.4-0.6 1t-0.6 0.8q0 0.1 0.1 0.3 0.6 1.3 1.8 2.4 1 0.9 2.7 1.8 0.2 0.1 0.4 0.1 0.3 0 1-0.9t0.9-0.9zM14 26.9q2.3 0 4.3-0.9t3.6-2.4 2.4-3.6 0.9-4.3-0.9-4.3-2.4-3.6-3.6-2.4-4.3-0.9-4.3 0.9-3.6 2.4-2.4 3.6-0.9 4.3q0 3.6 2.1 6.6l-1.4 4.2 4.3-1.4q2.8 1.9 6.2 1.9zM14 2.2q2.7 0 5.2 1.1t4.3 2.9 2.9 4.3 1.1 5.2-1.1 5.2-2.9 4.3-4.3 2.9-5.2 1.1q-3.5 0-6.5-1.7l-7.4 2.4 2.4-7.2q-1.9-3.2-1.9-6.9 0-2.7 1.1-5.2t2.9-4.3 4.3-2.9 5.2-1.1z\"\/><\/svg><\/span><span class=\"shariff-text\">teilen<\/span>&nbsp;<\/a><\/li><li class=\"shariff-button facebook shariff-nocustomcolor\" style=\"background-color:#4273c8\"><a href=\"https:\/\/www.facebook.com\/sharer\/sharer.php?u=https%3A%2F%2Fwww.oceanpure-solutions.ch%2Fen%2Fkorallen%2F\" title=\"Bei Facebook teilen\" aria-label=\"Bei Facebook teilen\" role=\"button\" rel=\"nofollow\" class=\"shariff-link\" style=\"; background-color:#3b5998; color:#fff\" target=\"_blank\"><span class=\"shariff-icon\" style=\"\"><svg width=\"32px\" height=\"20px\" xmlns=\"http:\/\/www.w3.org\/2000\/svg\" viewbox=\"0 0 18 32\"><path fill=\"#3b5998\" d=\"M17.1 0.2v4.7h-2.8q-1.5 0-2.1 0.6t-0.5 1.9v3.4h5.2l-0.7 5.3h-4.5v13.6h-5.5v-13.6h-4.5v-5.3h4.5v-3.9q0-3.3 1.9-5.2t5-1.8q2.6 0 4.1 0.2z\"\/><\/svg><\/span><span class=\"shariff-text\">teilen<\/span>&nbsp;<\/a><\/li><li class=\"shariff-button linkedin shariff-nocustomcolor\" style=\"background-color:#1488bf\"><a href=\"https:\/\/www.linkedin.com\/sharing\/share-offsite\/?url=https%3A%2F%2Fwww.oceanpure-solutions.ch%2Fen%2Fkorallen%2F\" title=\"Bei LinkedIn teilen\" aria-label=\"Bei LinkedIn teilen\" role=\"button\" rel=\"noopener nofollow\" class=\"shariff-link\" style=\"; background-color:#0077b5; color:#fff\" target=\"_blank\"><span class=\"shariff-icon\" style=\"\"><svg width=\"32px\" height=\"20px\" xmlns=\"http:\/\/www.w3.org\/2000\/svg\" viewbox=\"0 0 27 32\"><path fill=\"#0077b5\" d=\"M6.2 11.2v17.7h-5.9v-17.7h5.9zM6.6 5.7q0 1.3-0.9 2.2t-2.4 0.9h0q-1.5 0-2.4-0.9t-0.9-2.2 0.9-2.2 2.4-0.9 2.4 0.9 0.9 2.2zM27.4 18.7v10.1h-5.9v-9.5q0-1.9-0.7-2.9t-2.3-1.1q-1.1 0-1.9 0.6t-1.2 1.5q-0.2 0.5-0.2 1.4v9.9h-5.9q0-7.1 0-11.6t0-5.3l0-0.9h5.9v2.6h0q0.4-0.6 0.7-1t1-0.9 1.6-0.8 2-0.3q3 0 4.9 2t1.9 6z\"\/><\/svg><\/span><span class=\"shariff-text\">teilen<\/span>&nbsp;<\/a><\/li><li class=\"shariff-button twitter shariff-nocustomcolor\" style=\"background-color:#595959\"><a href=\"https:\/\/twitter.com\/share?url=https%3A%2F%2Fwww.oceanpure-solutions.ch%2Fen%2Fkorallen%2F&text=Korallen\" title=\"Bei X teilen\" aria-label=\"Bei X teilen\" role=\"button\" rel=\"noopener nofollow\" class=\"shariff-link\" style=\"; background-color:#000; color:#fff\" target=\"_blank\"><span class=\"shariff-icon\" style=\"\"><svg width=\"32px\" height=\"20px\" xmlns=\"http:\/\/www.w3.org\/2000\/svg\" viewbox=\"0 0 24 24\"><path fill=\"#000\" d=\"M14.258 10.152L23.176 0h-2.113l-7.747 8.813L7.133 0H0l9.352 13.328L0 23.973h2.113l8.176-9.309 6.531 9.309h7.133zm-2.895 3.293l-.949-1.328L2.875 1.56h3.246l6.086 8.523.945 1.328 7.91 11.078h-3.246zm0 0\"\/><\/svg><\/span><span class=\"shariff-text\">teilen<\/span>&nbsp;<\/a><\/li><\/ul><\/div><section class=\"bde-section-204-173 bde-section\">\n  \n  \n\t\n\n\n\n<div class=\"section-container\"><div class=\"bde-div-204-174 bde-div\">\n  \n  \n\t\n\n\n\n<div class=\"bde-video-204-175 bde-video\">\n<div class=\"ee-video-container\">\n                                                                            \n                                \n                <iframe\n                        class=\"ee-video\"\n                title=\"\"\n                                src=\"https:\/\/www.youtube-nocookie.com\/embed\/PK4cnoU2ev8?feature=oembed&controls=0&autoplay=1&mute=1&modestbranding=1&start=5&rel=0&playlist=PK4cnoU2ev8&loop=1&enablejsapi=1\"\n                frameborder=\"0\"\n                allow=\"accelerometer; autoplay; clipboard-write; encrypted-media; gyroscope; picture-in-picture\"\n                allowfullscreen>\n                <\/iframe>\n                    \n        \n            \n    <\/div>\n\n<\/div>\n<\/div><div class=\"bde-rich-text-204-176 bde-rich-text breakdance-rich-text-styles\">\n<svg class=\"waves\" xmlns=\"http:\/\/www.w3.org\/2000\/svg\" xmlns:xlink=\"http:\/\/www.w3.org\/1999\/xlink\"\nviewbox=\"0 24 150 28\" preserveaspectratio=\"none\" shape-rendering=\"auto\">\n<defs>\n<path id=\"gentle-wave\" d=\"M-160 44c30 0 58-18 88-18s 58 18 88 18 58-18 88-18 58 18 88 18 v44h-352z\" \/>\n<\/defs>\n<g class=\"parallax\">\n<use xlink:href=\"#gentle-wave\" x=\"48\" y=\"0\" fill=\"rgba(255,255,255,0.7\" \/>\n<use xlink:href=\"#gentle-wave\" x=\"48\" y=\"3\" fill=\"rgba(255,255,255,0.5)\" \/>\n<use xlink:href=\"#gentle-wave\" x=\"48\" y=\"5\" fill=\"rgba(255,255,255,0.3)\" \/>\n<use xlink:href=\"#gentle-wave\" x=\"48\" y=\"7\" fill=\"#fff\" \/>\n<\/g>\n<\/svg>\n<\/div><\/div>\n<\/section><section class=\"bde-section-204-107 bde-section\">\n  \n  \n\t\n\n\n\n<div class=\"section-container\"><div class=\"bde-div-204-108 bde-div\">\n  \n  \n\t\n\n\n\n<div class=\"bde-text-204-109 bde-text\">\nThe increasing relevance of marine environmental protection\n<\/div><h1 class=\"bde-heading-204-110 bde-heading\">\nProtection &amp; revitalisation<br>of coral reefs\n<\/h1><div class=\"bde-div-204-111 bde-div\">\n  \n  \n\t\n\n\n\n<div class=\"bde-text-204-112 bde-text\">\nIn recent decades, environmental protection has become increasingly important for the marine environment. The oceans play a crucial role in the Earth's ecological balance, acting not only as an indispensable habitat for numerous animal species, but also as a vital source of diversity for our planet. In an effort to preserve this fragile ecosystem, we are particularly committed to protecting and saving endangered coral reefs.\n<\/div>\n<\/div>\n<\/div><\/div>\n<\/section><section class=\"bde-section-204-113 bde-section\">\n  \n  \n\t\n\n\n\n<div class=\"section-container\"><div class=\"bde-div-204-114 bde-div\">\n  \n  \n\t\n\n\n\n<div class=\"bde-div-204-115 bde-div\">\n  \n  \n\t\n\n\n\n\n<\/div><div class=\"bde-div-204-116 bde-div\">\n  \n  \n\t\n\n\n\n<div class=\"bde-text-204-117 bde-text\">\nCoral fragments, ready for their journey to the reef just before deployment.\n<\/div>\n<\/div>\n<\/div><\/div>\n<\/section><section class=\"bde-section-204-118 bde-section\">\n  \n  \n\t\n\n\n\n<div class=\"section-container\"><div class=\"bde-div-204-119 bde-div\">\n  \n  \n\t\n\n\n\n<h1 class=\"bde-heading-204-120 bde-heading\" data-entrance=\"slideUp\">\nCoral reef protection projects\n<\/h1><div class=\"bde-div-204-121 bde-div\">\n  \n  \n\t\n\n\n\n<div class=\"bde-text-204-122 bde-text\">\nTo rehabilitate damaged coral reefs in Bali, the Oceanpure Solutions Foundation employs a variety of techniques based on years of research and practical experience. One of these techniques is the transplantation of healthy coral fragments, where live coral pieces are planted into damaged areas. This process helps promote the growth of new coral colonies and gradually restore the reefs.\n<\/div><div class=\"bde-text-204-165 bde-text\">\nIn addition, the foundation focuses on reducing harmful influences such as environmental pollution and overfishing to ensure the long-term health of the reefs.<br>However, the work of Oceanpure Solutions goes beyond reef restoration. The foundation recognises the complex interactions between marine ecosystems and the local community. It works closely with local communities to develop educational programmes that raise awareness of the importance of reefs and the sustainable use of marine resources. This holistic commitment is helping to shape a sustainable future for Bali's coastal regions while protecting its unique marine environment.\n<\/div>\n<\/div>\n<\/div><\/div>\n<\/section><section class=\"bde-section-204-138 bde-section\">\n  \n  \n\t\n\n\n\n<div class=\"section-container\"><div class=\"bde-div-204-139 bde-div\">\n  \n  \n\t\n\n\n\n<div class=\"bde-basicslider-204-168 bde-basicslider\">\n<div class=\"breakdance-swiper-wrapper\" data-swiper-id=\"168\">\n    <div class=\"swiper\">\n      <div class=\"swiper-wrapper\">\n      \n\t                    \n        <div class=\"swiper-slide\">\n          <div class=\"bde-basicslider__slide\">\n              <div class=\"bde-basicslider__content\">\n                          <h3 class=\"bde-basicslider__title\">It is becoming increasingly necessary to take action.<\/h3>\n                                    <div class=\"bde-basicslider__text\">\n              <p>In the past 30 years, around 50 per cent of all tropical coral reefs have died.<\/p>\n            <\/div>\n                                    <\/div>\n\n\t\t\t\t\t\t\n          <\/div>\n        <\/div>\n       \n\t                    \n        <div class=\"swiper-slide\">\n          <div class=\"bde-basicslider__slide\">\n              <div class=\"bde-basicslider__content\">\n                          <h3 class=\"bde-basicslider__title\">But the urgency to act is increasing inexorably.<\/h3>\n                                    <div class=\"bde-basicslider__text\">\n              <p>Without climate change mitigation, coral reefs will no longer exist by 2100.<\/p>\n            <\/div>\n                                    <\/div>\n\n\t\t\t\t\t\t\n          <\/div>\n        <\/div>\n       \n\t                    \n        <div class=\"swiper-slide\">\n          <div class=\"bde-basicslider__slide\">\n              <div class=\"bde-basicslider__content\">\n                          <h3 class=\"bde-basicslider__title\">Time to intervene is running out.<\/h3>\n                                    <div class=\"bde-basicslider__text\">\n              <p>Marine biodiversity is currently declining twice as fast as on land.<\/p>\n            <\/div>\n                                    <\/div>\n\n\t\t\t\t\t\t\n          <\/div>\n        <\/div>\n       \n\t                    \n        <div class=\"swiper-slide\">\n          <div class=\"bde-basicslider__slide\">\n              <div class=\"bde-basicslider__content\">\n                          <h3 class=\"bde-basicslider__title\">The need to act is becoming ever more urgent.<\/h3>\n                                    <div class=\"bde-basicslider__text\">\n              <p>Decide now to get active! Support us in protecting the oceans.<\/p>\n            <\/div>\n                                    <\/div>\n\n\t\t\t\t\t\t\n          <\/div>\n        <\/div>\n       \n      <\/div>\n    <\/div>\n                <div class=\"swiper-button-prev\">\n            \n        <\/div>\n        <div class=\"swiper-button-next\">\n            \n        <\/div>\n    \n            <div class=\"swiper-pagination\"><\/div>\n    \n<\/div>\n\n<\/div><div class=\"bde-div-204-169 bde-div\">\n  \n  \n\t\n\n\n\n<div class=\"bde-button-204-170 bde-button\" data-entrance=\"zoomIn\">\n    \n                        \n                        \n    \n    \n    \n    \n            \n                    \n            \n            \n\n    \n    \n    \n    \n    \n    <a class=\"breakdance-link button-atom button-atom--custom bde-button__button\" href=\"https:\/\/www.oceanpure-solutions.ch\/en\/?page_id=210\" target=\"_self\" data-type=\"url\"  >\n\n    \n        <span class=\"button-atom__text\">DONATION HELPS!<\/span>\n\n        \n        \n                <\/a>\n\n    \n\n\n<\/div>\n<\/div>\n<\/div><\/div>\n<\/section><section class=\"bde-section-204-149 bde-section\">\n  \n  \n\t\n\n\n\n<div class=\"section-container\"><div class=\"bde-div-204-150 bde-div\">\n  \n  \n\t\n\n\n\n<div class=\"bde-div-204-151 bde-div\">\n  \n  \n\t\n\n\n\n<div class=\"bde-video-204-171 bde-video\">\n<div class=\"ee-video-container\">\n                                                                            \n                                \n                <iframe\n                        class=\"ee-video\"\n                title=\"\"\n                                src=\"https:\/\/www.youtube-nocookie.com\/embed\/PK4cnoU2ev8?feature=oembed&controls=0&autoplay=1&mute=1&playsinline=0&rel=0&playlist=PK4cnoU2ev8&loop=1&enablejsapi=1\"\n                frameborder=\"0\"\n                allow=\"accelerometer; autoplay; clipboard-write; encrypted-media; gyroscope; picture-in-picture\"\n                allowfullscreen>\n                <\/iframe>\n                    \n        \n            \n    <\/div>\n\n<\/div>\n<\/div><div class=\"bde-div-204-152 bde-div\">\n  \n  \n\t\n\n\n\n<div class=\"bde-text-204-153 bde-text\">\nAn impressive example of sustainable coral reef revitalisation.\n<\/div>\n<\/div>\n<\/div><\/div>\n<\/section><section class=\"bde-section-204-160 bde-section\">\n  \n  \n\t\n\n\n\n<div class=\"section-container\"><div class=\"bde-text-204-161 bde-text\">\nPreserve oceans, change lives!<br>\n<\/div><h1 class=\"bde-heading-204-162 bde-heading\" data-entrance=\"slideUp\">\nIn action for our oceans\n<\/h1><div class=\"bde-text-204-163 bde-text\">\nOceanpure Solutions is passionate about saving endangered coral reefs. This important project aims to preserve marine diversity while bringing positive change to the lives of communities along Bali's coastline. Immerse yourself in the inspiring world of Oceanpure Solutions' conservation initiatives in our gallery and learn more about our commitment to protecting coral reefs and their inhabitants.\n<\/div><div class=\"bde-gallery-204-164 bde-gallery\">\n\n\n  \n\n\n\n\n\n\n\n\n\n\n<div class=\"ee-gallery ee-gallery--default ee-gallery--grid ee-gallery--single ee-gallery--lightbox ee-gallery-- ee-gallery--caption- ee-gallery--caption-none ee-gallery--ratio\">\n                  \n      <a class=\"ee-gallery-item ee-gallery-item--image ee-gallery-item--single\" href=\"https:\/\/www.oceanpure-solutions.ch\/wp-content\/uploads\/2023\/11\/DSC00626-scaled.jpg\"  data-sub-html=\"<span><\/span>\" data-category=\"1\"                  data-lg-size=\"2560-1707\"\n\n      >\n        <figure class=\"ee-gallery-item-figure\">\n                        <img loading=\"lazy\" decoding=\"async\" class=\"breakdance-image-object\" src=\"https:\/\/www.oceanpure-solutions.ch\/wp-content\/uploads\/2023\/11\/DSC00626-1024x683.jpg\" width=\"1024\" height=\"683\" srcset=\"https:\/\/www.oceanpure-solutions.ch\/wp-content\/uploads\/2023\/11\/DSC00626-scaled.jpg 2560w, https:\/\/www.oceanpure-solutions.ch\/wp-content\/uploads\/2023\/11\/DSC00626-300x200.jpg 300w, https:\/\/www.oceanpure-solutions.ch\/wp-content\/uploads\/2023\/11\/DSC00626-1024x683.jpg 1024w, https:\/\/www.oceanpure-solutions.ch\/wp-content\/uploads\/2023\/11\/DSC00626-768x512.jpg 768w, https:\/\/www.oceanpure-solutions.ch\/wp-content\/uploads\/2023\/11\/DSC00626-1536x1024.jpg 1536w, https:\/\/www.oceanpure-solutions.ch\/wp-content\/uploads\/2023\/11\/DSC00626-2048x1365.jpg 2048w\" sizes=\"auto, (max-width: 2560px) 100vw, 2560px\">\n          \n                  <\/figure>\n      <\/a>\n\n                \n      <a class=\"ee-gallery-item ee-gallery-item--image ee-gallery-item--single\" href=\"https:\/\/www.oceanpure-solutions.ch\/wp-content\/uploads\/2023\/11\/DSC00630-scaled.jpg\"  data-sub-html=\"<span><\/span>\" data-category=\"1\"                  data-lg-size=\"2560-1707\"\n\n      >\n        <figure class=\"ee-gallery-item-figure\">\n                        <img loading=\"lazy\" decoding=\"async\" class=\"breakdance-image-object\" src=\"https:\/\/www.oceanpure-solutions.ch\/wp-content\/uploads\/2023\/11\/DSC00630-1024x683.jpg\" width=\"1024\" height=\"683\" srcset=\"https:\/\/www.oceanpure-solutions.ch\/wp-content\/uploads\/2023\/11\/DSC00630-scaled.jpg 2560w, https:\/\/www.oceanpure-solutions.ch\/wp-content\/uploads\/2023\/11\/DSC00630-300x200.jpg 300w, https:\/\/www.oceanpure-solutions.ch\/wp-content\/uploads\/2023\/11\/DSC00630-1024x683.jpg 1024w, https:\/\/www.oceanpure-solutions.ch\/wp-content\/uploads\/2023\/11\/DSC00630-768x512.jpg 768w, https:\/\/www.oceanpure-solutions.ch\/wp-content\/uploads\/2023\/11\/DSC00630-1536x1024.jpg 1536w, https:\/\/www.oceanpure-solutions.ch\/wp-content\/uploads\/2023\/11\/DSC00630-2048x1365.jpg 2048w\" sizes=\"auto, (max-width: 2560px) 100vw, 2560px\">\n          \n                  <\/figure>\n      <\/a>\n\n                \n      <a class=\"ee-gallery-item ee-gallery-item--image ee-gallery-item--single\" href=\"https:\/\/www.oceanpure-solutions.ch\/wp-content\/uploads\/2023\/11\/Bildschirmfoto-2023-11-01-um-11.52.04.png\"  data-sub-html=\"<span><\/span>\" data-category=\"1\"                  data-lg-size=\"633-1100\"\n\n      >\n        <figure class=\"ee-gallery-item-figure\">\n                        <img loading=\"lazy\" decoding=\"async\" class=\"breakdance-image-object\" src=\"https:\/\/www.oceanpure-solutions.ch\/wp-content\/uploads\/2023\/11\/Bildschirmfoto-2023-11-01-um-11.52.04-589x1024.png\" width=\"589\" height=\"1024\" srcset=\"https:\/\/www.oceanpure-solutions.ch\/wp-content\/uploads\/2023\/11\/Bildschirmfoto-2023-11-01-um-11.52.04.png 633w, https:\/\/www.oceanpure-solutions.ch\/wp-content\/uploads\/2023\/11\/Bildschirmfoto-2023-11-01-um-11.52.04-173x300.png 173w, https:\/\/www.oceanpure-solutions.ch\/wp-content\/uploads\/2023\/11\/Bildschirmfoto-2023-11-01-um-11.52.04-589x1024.png 589w\" sizes=\"auto, (max-width: 633px) 100vw, 633px\">\n          \n                  <\/figure>\n      <\/a>\n\n                \n      <a class=\"ee-gallery-item ee-gallery-item--image ee-gallery-item--single\" href=\"https:\/\/www.oceanpure-solutions.ch\/wp-content\/uploads\/2023\/11\/DSC00631-scaled.jpg\"  data-sub-html=\"<span><\/span>\" data-category=\"1\"                  data-lg-size=\"2560-1707\"\n\n      >\n        <figure class=\"ee-gallery-item-figure\">\n                        <img loading=\"lazy\" decoding=\"async\" class=\"breakdance-image-object\" src=\"https:\/\/www.oceanpure-solutions.ch\/wp-content\/uploads\/2023\/11\/DSC00631-1024x683.jpg\" width=\"1024\" height=\"683\" srcset=\"https:\/\/www.oceanpure-solutions.ch\/wp-content\/uploads\/2023\/11\/DSC00631-scaled.jpg 2560w, https:\/\/www.oceanpure-solutions.ch\/wp-content\/uploads\/2023\/11\/DSC00631-300x200.jpg 300w, https:\/\/www.oceanpure-solutions.ch\/wp-content\/uploads\/2023\/11\/DSC00631-1024x683.jpg 1024w, https:\/\/www.oceanpure-solutions.ch\/wp-content\/uploads\/2023\/11\/DSC00631-768x512.jpg 768w, https:\/\/www.oceanpure-solutions.ch\/wp-content\/uploads\/2023\/11\/DSC00631-1536x1024.jpg 1536w, https:\/\/www.oceanpure-solutions.ch\/wp-content\/uploads\/2023\/11\/DSC00631-2048x1365.jpg 2048w\" sizes=\"auto, (max-width: 2560px) 100vw, 2560px\">\n          \n                  <\/figure>\n      <\/a>\n\n                \n      <a class=\"ee-gallery-item ee-gallery-item--image ee-gallery-item--single\" href=\"https:\/\/www.oceanpure-solutions.ch\/wp-content\/uploads\/2024\/01\/Nicht-benannt-11.png\"  data-sub-html=\"<span><\/span>\" data-category=\"1\"                  data-lg-size=\"6000-4000\"\n\n      >\n        <figure class=\"ee-gallery-item-figure\">\n                        <img loading=\"lazy\" decoding=\"async\" class=\"breakdance-image-object\" src=\"https:\/\/www.oceanpure-solutions.ch\/wp-content\/uploads\/2024\/01\/Nicht-benannt-11-1024x683.png\" width=\"1024\" height=\"683\" srcset=\"https:\/\/www.oceanpure-solutions.ch\/wp-content\/uploads\/2024\/01\/Nicht-benannt-11.png 6000w, https:\/\/www.oceanpure-solutions.ch\/wp-content\/uploads\/2024\/01\/Nicht-benannt-11-300x200.png 300w, https:\/\/www.oceanpure-solutions.ch\/wp-content\/uploads\/2024\/01\/Nicht-benannt-11-1024x683.png 1024w, https:\/\/www.oceanpure-solutions.ch\/wp-content\/uploads\/2024\/01\/Nicht-benannt-11-768x512.png 768w, https:\/\/www.oceanpure-solutions.ch\/wp-content\/uploads\/2024\/01\/Nicht-benannt-11-1536x1024.png 1536w, https:\/\/www.oceanpure-solutions.ch\/wp-content\/uploads\/2024\/01\/Nicht-benannt-11-2048x1365.png 2048w\" sizes=\"auto, (max-width: 6000px) 100vw, 6000px\">\n          \n                  <\/figure>\n      <\/a>\n\n                \n      <a class=\"ee-gallery-item ee-gallery-item--image ee-gallery-item--single\" href=\"https:\/\/www.oceanpure-solutions.ch\/wp-content\/uploads\/2023\/10\/korallen-schiff.jpg\"  data-sub-html=\"<span><\/span>\" data-category=\"1\"                  data-lg-size=\"1000-667\"\n\n      >\n        <figure class=\"ee-gallery-item-figure\">\n                        <img loading=\"lazy\" decoding=\"async\" class=\"breakdance-image-object\" src=\"https:\/\/www.oceanpure-solutions.ch\/wp-content\/uploads\/2023\/10\/korallen-schiff.jpg\" width=\"1000\" height=\"667\" srcset=\"https:\/\/www.oceanpure-solutions.ch\/wp-content\/uploads\/2023\/10\/korallen-schiff.jpg 1000w, https:\/\/www.oceanpure-solutions.ch\/wp-content\/uploads\/2023\/10\/korallen-schiff-300x200.jpg 300w, https:\/\/www.oceanpure-solutions.ch\/wp-content\/uploads\/2023\/10\/korallen-schiff-768x512.jpg 768w\" sizes=\"auto, (max-width: 1000px) 100vw, 1000px\">\n          \n                  <\/figure>\n      <\/a>\n\n                \n      <a class=\"ee-gallery-item ee-gallery-item--image ee-gallery-item--single\" href=\"https:\/\/www.oceanpure-solutions.ch\/wp-content\/uploads\/2023\/11\/DSC03219-scaled.jpg\"  data-sub-html=\"<span><\/span>\" data-category=\"1\"                  data-lg-size=\"2560-1707\"\n\n      >\n        <figure class=\"ee-gallery-item-figure\">\n                        <img loading=\"lazy\" decoding=\"async\" class=\"breakdance-image-object\" src=\"https:\/\/www.oceanpure-solutions.ch\/wp-content\/uploads\/2023\/11\/DSC03219-1024x683.jpg\" width=\"1024\" height=\"683\" srcset=\"https:\/\/www.oceanpure-solutions.ch\/wp-content\/uploads\/2023\/11\/DSC03219-scaled.jpg 2560w, https:\/\/www.oceanpure-solutions.ch\/wp-content\/uploads\/2023\/11\/DSC03219-300x200.jpg 300w, https:\/\/www.oceanpure-solutions.ch\/wp-content\/uploads\/2023\/11\/DSC03219-1024x683.jpg 1024w, https:\/\/www.oceanpure-solutions.ch\/wp-content\/uploads\/2023\/11\/DSC03219-768x512.jpg 768w, https:\/\/www.oceanpure-solutions.ch\/wp-content\/uploads\/2023\/11\/DSC03219-1536x1024.jpg 1536w, https:\/\/www.oceanpure-solutions.ch\/wp-content\/uploads\/2023\/11\/DSC03219-2048x1365.jpg 2048w\" sizes=\"auto, (max-width: 2560px) 100vw, 2560px\">\n          \n                  <\/figure>\n      <\/a>\n\n                \n      <a class=\"ee-gallery-item ee-gallery-item--image ee-gallery-item--single\" href=\"https:\/\/www.oceanpure-solutions.ch\/wp-content\/uploads\/2024\/01\/CoralCones-01.jpg\"  data-sub-html=\"<span><\/span>\" data-category=\"1\"                  data-lg-size=\"1489-1489\"\n\n      >\n        <figure class=\"ee-gallery-item-figure\">\n                        <img loading=\"lazy\" decoding=\"async\" class=\"breakdance-image-object\" src=\"https:\/\/www.oceanpure-solutions.ch\/wp-content\/uploads\/2024\/01\/CoralCones-01-1024x1024.jpg\" width=\"1024\" height=\"1024\" srcset=\"https:\/\/www.oceanpure-solutions.ch\/wp-content\/uploads\/2024\/01\/CoralCones-01.jpg 1489w, https:\/\/www.oceanpure-solutions.ch\/wp-content\/uploads\/2024\/01\/CoralCones-01-300x300.jpg 300w, https:\/\/www.oceanpure-solutions.ch\/wp-content\/uploads\/2024\/01\/CoralCones-01-1024x1024.jpg 1024w, https:\/\/www.oceanpure-solutions.ch\/wp-content\/uploads\/2024\/01\/CoralCones-01-150x150.jpg 150w, https:\/\/www.oceanpure-solutions.ch\/wp-content\/uploads\/2024\/01\/CoralCones-01-768x768.jpg 768w\" sizes=\"auto, (max-width: 1489px) 100vw, 1489px\">\n          \n                  <\/figure>\n      <\/a>\n\n                \n      <a class=\"ee-gallery-item ee-gallery-item--image ee-gallery-item--single\" href=\"https:\/\/www.oceanpure-solutions.ch\/wp-content\/uploads\/2024\/04\/OPS-FAMILY-scaled.jpg\"  data-sub-html=\"<span><\/span>\" data-category=\"1\"                  data-lg-size=\"2560-1641\"\n\n      >\n        <figure class=\"ee-gallery-item-figure\">\n                        <img loading=\"lazy\" decoding=\"async\" class=\"breakdance-image-object\" src=\"https:\/\/www.oceanpure-solutions.ch\/wp-content\/uploads\/2024\/04\/OPS-FAMILY-1024x656.jpg\" width=\"1024\" height=\"656\" srcset=\"https:\/\/www.oceanpure-solutions.ch\/wp-content\/uploads\/2024\/04\/OPS-FAMILY-scaled.jpg 2560w, https:\/\/www.oceanpure-solutions.ch\/wp-content\/uploads\/2024\/04\/OPS-FAMILY-300x192.jpg 300w, https:\/\/www.oceanpure-solutions.ch\/wp-content\/uploads\/2024\/04\/OPS-FAMILY-1024x656.jpg 1024w, https:\/\/www.oceanpure-solutions.ch\/wp-content\/uploads\/2024\/04\/OPS-FAMILY-768x492.jpg 768w, https:\/\/www.oceanpure-solutions.ch\/wp-content\/uploads\/2024\/04\/OPS-FAMILY-1536x985.jpg 1536w, https:\/\/www.oceanpure-solutions.ch\/wp-content\/uploads\/2024\/04\/OPS-FAMILY-2048x1313.jpg 2048w\" sizes=\"auto, (max-width: 2560px) 100vw, 2560px\">\n          \n                  <\/figure>\n      <\/a>\n\n      \n  <\/div>\n\n\n\n<\/div><\/div>\n<\/section>","protected":false},"excerpt":{"rendered":"<p>Die zunehmende Relevanz des Meeresumweltschutzes Schutz &#038; Revitalisierungvon Korallenriffen In den vergangenen Jahrzehnten hat der Umweltschutz f\u00fcr die Meeresumwelt zunehmend an Bedeutung gewonnen. Die Ozeane spielen eine entscheidende Rolle im \u00f6kologischen Gleichgewicht der Erde, indem sie nicht nur als unverzichtbarer Lebensraum f\u00fcr zahlreiche Tierarten fungieren, sondern auch als lebenswichtige Quelle f\u00fcr die Vielfalt unseres Planeten. [&hellip;]<\/p>","protected":false},"author":1,"featured_media":0,"parent":0,"menu_order":0,"comment_status":"closed","ping_status":"closed","template":"","meta":{"give_campaign_id":0,"_breakdance_hide_in_design_set":false,"_breakdance_tags":"","footnotes":""},"class_list":["post-204","page","type-page","status-publish","hentry"],"campaignId":"","_links":{"self":[{"href":"https:\/\/www.oceanpure-solutions.ch\/en\/wp-json\/wp\/v2\/pages\/204","targetHints":{"allow":["GET"]}}],"collection":[{"href":"https:\/\/www.oceanpure-solutions.ch\/en\/wp-json\/wp\/v2\/pages"}],"about":[{"href":"https:\/\/www.oceanpure-solutions.ch\/en\/wp-json\/wp\/v2\/types\/page"}],"author":[{"embeddable":true,"href":"https:\/\/www.oceanpure-solutions.ch\/en\/wp-json\/wp\/v2\/users\/1"}],"replies":[{"embeddable":true,"href":"https:\/\/www.oceanpure-solutions.ch\/en\/wp-json\/wp\/v2\/comments?post=204"}],"version-history":[{"count":0,"href":"https:\/\/www.oceanpure-solutions.ch\/en\/wp-json\/wp\/v2\/pages\/204\/revisions"}],"wp:attachment":[{"href":"https:\/\/www.oceanpure-solutions.ch\/en\/wp-json\/wp\/v2\/media?parent=204"}],"curies":[{"name":"wp","href":"https:\/\/api.w.org\/{rel}","templated":true}]}}